{"id":267093,"date":"2026-04-11T22:30:22","date_gmt":"2026-04-11T21:30:22","guid":{"rendered":"https:\/\/motekx.be\/microsoft-365-gere\/"},"modified":"2026-04-20T08:35:39","modified_gmt":"2026-04-20T07:35:39","slug":"microsoft-365-gere","status":"publish","type":"page","link":"https:\/\/motekx.be\/fr\/services\/microsoft-365-gere\/","title":{"rendered":"Microsoft 365 g\u00e9r\u00e9"},"content":{"rendered":"<div class=\"et_pb_section_0 et_pb_section et_section_regular et_flex_section\"><span class=\"et_pb_background_mask\"><\/span>\n<div class=\"et_pb_row_0 et_pb_row et_grid_row\">\n<div class=\"et_pb_column_0 et_pb_column et-last-child et_flex_column et_pb_css_mix_blend_mode_passthrough\">\n<section class=\"et_pb_fullwidth_header_0 et_pb_fullwidth_header et_pb_bg_layout_dark et_pb_text_align_left et_pb_module et_flex_module preset--module--divi-fullwidth-header--default\"><div class=\"et_pb_fullwidth_header_container left\"><div class=\"header-content-container center\"><div class=\"header-content et_flex_module\"><h1 class=\"et_pb_module_header\">Microsoft 365 g\u00e9r\u00e9<\/h1><span class=\"et_pb_fullwidth_header_subhead\">E-mail professionnel et productivit\u00e9 \u2014 Enti\u00e8rement g\u00e9r\u00e9s pour votre entreprise<\/span><div class=\"et_pb_header_content_wrapper\"><p>&nbsp;<\/p>\n<div>\n<p>Les e-mails, les calendriers, les fichiers et les outils de collaboration sont essentiels \u00e0 vos op\u00e9rations quotidiennes. Avec <strong>Managed Microsoft 365<\/strong>, Motekx s\u2019assure que votre environnement Microsoft est s\u00e9curis\u00e9, correctement configur\u00e9 et g\u00e9r\u00e9 de mani\u00e8re professionnelle \u2014 sans la complexit\u00e9 de le faire vous-m\u00eame. <\/p>\n<p>&nbsp;<\/p>\n<p>Con\u00e7u pour les <strong>petites entreprises belges<\/strong>, ce service vous offre des outils d\u2019e-mail et de productivit\u00e9 fiables avec des co\u00fbts pr\u00e9visibles et des responsabilit\u00e9s claires.<\/p>\n<\/div>\n<p>&nbsp;<\/p>\n<\/div><div class=\"et_pb_header_button_wrapper\"><\/div><\/div><\/div><\/div><div class=\"et_pb_fullwidth_header_overlay\"><\/div><div class=\"et_pb_fullwidth_header_scroll\"><\/div><\/section>\n<\/div>\n<\/div>\n<\/div>\n\n<div class=\"et_pb_section_1 et_pb_section et_section_regular et_flex_section\">\n<div class=\"et_pb_row_1 et_pb_row et_flex_row\">\n<div class=\"et_pb_column_1 et_pb_column et-last-child et_flex_column et_pb_css_mix_blend_mode_passthrough et_flex_column_24_24 et_flex_column_24_24_tablet et_flex_column_24_24_phone et_flex_column_24_24_phoneWide et_flex_column_24_24_tabletWide et_flex_column_24_24_widescreen et_flex_column_24_24_ultraWide\">\n<div class=\"et_pb_heading_0 et_pb_heading et_pb_module et_flex_module preset--module--divi-heading--default\"><div class=\"et_pb_heading_container\"><h2 class=\"et_pb_module_header\">Quel probl\u00e8me cela r\u00e9sout<\/h2><\/div><\/div>\n<\/div>\n<\/div>\n\n<div class=\"et_pb_row_2 et_pb_row et_flex_row\">\n<div class=\"et_pb_column_2 et_pb_column et-last-child et_flex_column et_pb_css_mix_blend_mode_passthrough et_flex_column_24_24 et_flex_column_24_24_tablet et_flex_column_24_24_phone et_flex_column_24_24_phoneWide et_flex_column_24_24_tabletWide et_flex_column_24_24_widescreen et_flex_column_24_24_ultraWide\">\n<div class=\"et_pb_text_0 et_pb_text et_pb_bg_layout_light et_pb_module et_flex_module preset--module--divi-text--default\"><div class=\"et_pb_text_inner\"><p>  De nombreuses petites entreprises sont confront\u00e9es \u00e0 :<\/p>\n<div>\n<ul>\n<li>Des e-mails professionnels mal configur\u00e9s ou peu fiables, finissant souvent dans les courriers ind\u00e9sirables<\/li>\n<li>Des risques de s\u00e9curit\u00e9 dus \u00e0 des param\u00e8tres de locataire (tenant) faibles<\/li>\n<li>Une confusion autour des licences et des utilisateurs<\/li>\n<li>Une absence de responsabilit\u00e9 claire pour l\u2019administration de Microsoft 365<\/li>\n<\/ul>\n<p><strong>MOTEKX<\/strong> remplace les installations ad hoc par un <strong>environnement Microsoft 365 g\u00e9r\u00e9, s\u00e9curis\u00e9 et bien gouvern\u00e9<\/strong>.<\/p>\n<\/div>\n<p><span><!--ScriptorEndFragment--><\/span><\/p>\n<\/div><\/div>\n<\/div>\n<\/div>\n\n<div class=\"et_pb_row_3 et_pb_row et_flex_row\">\n<div class=\"et_pb_column_3 et_pb_column et-last-child et_flex_column et_pb_css_mix_blend_mode_passthrough et_flex_column_24_24 et_flex_column_24_24_tablet et_flex_column_24_24_phone et_flex_column_24_24_phoneWide et_flex_column_24_24_tabletWide et_flex_column_24_24_widescreen et_flex_column_24_24_ultraWide\">\n<div class=\"et_pb_divider_0 et_pb_divider et_pb_space et_pb_divider_position_top et_pb_module\"><div class=\"et_pb_divider_internal\"><\/div><\/div>\n<\/div>\n<\/div>\n\n<div class=\"et_pb_row_4 et_pb_row et_flex_row\">\n<div class=\"et_pb_column_4 et_pb_column et-last-child et_flex_column et_pb_css_mix_blend_mode_passthrough et_flex_column_24_24 et_flex_column_24_24_tablet et_flex_column_24_24_phone et_flex_column_24_24_phoneWide et_flex_column_24_24_tabletWide et_flex_column_24_24_widescreen et_flex_column_24_24_ultraWide\">\n<div class=\"et_pb_heading_1 et_pb_heading et_pb_module et_flex_module preset--module--divi-heading--default\"><div class=\"et_pb_heading_container\"><h2 class=\"et_pb_module_header\">Niveaux de service<\/h2><\/div><\/div>\n<\/div>\n<\/div>\n\n<div class=\"et_pb_row_5 et_pb_row et_flex_row\">\n<div class=\"et_pb_column_5 et_pb_column et_flex_column et_pb_css_mix_blend_mode_passthrough et_flex_column_12_24 et_flex_column_12_24_tablet et_flex_column_24_24_phone et_flex_column_24_24_phoneWide et_flex_column_12_24_tabletWide et_flex_column_12_24_widescreen et_flex_column_12_24_ultraWide\">\n<div class=\"et_pb_blurb_0 et_pb_blurb et_pb_bg_layout_light et_pb_blurb_position_left et_pb_module et_flex_module preset--module--divi-blurb--default\"><div class=\"et_pb_blurb_content et_flex_module\"><div class=\"et_pb_main_blurb_image\"><span class=\"et_pb_image_wrap\"><span class=\"et-pb-icon et_animated et_animated\">\uf00c<\/span><\/span><\/div><div class=\"et_pb_blurb_container\"><h3 class=\"et_pb_module_header\">Ce qui est inclus<\/h3><div class=\"et_pb_blurb_description\"><ul><\/ul>\n<p>Tous les forfaits Microsoft 365 g\u00e9r\u00e9s incluent :<\/p>\n<ul><\/ul>\n<ul>\n<li>La gestion des licences Microsoft 365<\/li>\n<li>La configuration d\u2019e-mails professionnels<\/li>\n<li>La configuration s\u00e9curis\u00e9e du locataire (tenant)<\/li>\n<li>L\u2019administration des utilisateurs et des licences<\/li>\n<li>Les param\u00e8tres de s\u00e9curit\u00e9 de base et la surveillance continue de l\u2019environnement<\/li>\n<\/ul>\n<\/div><\/div><\/div><\/div>\n<\/div>\n\n<div class=\"et_pb_column_6 et_pb_column et-last-child et_flex_column et_pb_css_mix_blend_mode_passthrough et_flex_column_12_24 et_flex_column_12_24_tablet et_flex_column_24_24_phone et_flex_column_24_24_phoneWide et_flex_column_12_24_tabletWide et_flex_column_12_24_widescreen et_flex_column_12_24_ultraWide\">\n<div class=\"et_pb_blurb_1 et_pb_blurb et_pb_bg_layout_light et_pb_blurb_position_left et_pb_module et_flex_module preset--module--divi-blurb--default\"><div class=\"et_pb_blurb_content et_flex_module\"><div class=\"et_pb_main_blurb_image\"><span class=\"et_pb_image_wrap\"><span class=\"et-pb-icon et_animated et_animated\">\uf00d<\/span><\/span><\/div><div class=\"et_pb_blurb_container\"><h3 class=\"et_pb_module_header\">Ce qui n'est pas inclus<\/h3><div class=\"et_pb_blurb_description\"><ul><\/ul>\n<p>Le service g\u00e9r\u00e9 Microsoft 365 ne couvre pas :<\/p>\n<ul><\/ul>\n<ul>\n<li>La conception d\u2019architecture de s\u00e9curit\u00e9 avanc\u00e9e<\/li>\n<li>La restructuration complexe de locataire (tenant)<\/li>\n<li>Le d\u00e9ploiement de flotte d\u2019appareils ou les politiques sur mesure<\/li>\n<li>Les migrations ou int\u00e9grations \u00e0 grande \u00e9chelle<\/li>\n<\/ul>\n<\/div><\/div><\/div><\/div>\n<\/div>\n<\/div>\n\n<div class=\"et_pb_row_6 et_pb_row et_flex_row\">\n<div class=\"et_pb_column_7 et_pb_column et_flex_column et_pb_css_mix_blend_mode_passthrough et_flex_column_8_24 et_flex_column_8_24_tablet et_flex_column_24_24_phone et_flex_column_24_24_phoneWide et_flex_column_8_24_tabletWide et_flex_column_8_24_widescreen et_flex_column_8_24_ultraWide\">\n<div class=\"et_pb_blurb_2 et_pb_blurb et_pb_bg_layout_light et_pb_text_align_center et_pb_blurb_position_top et_pb_module et_flex_module preset--module--divi-blurb--default\"><div class=\"et_pb_blurb_content et_flex_module\"><div class=\"et_pb_blurb_container\"><h3 class=\"et_pb_module_header\">Essential<\/h3><div class=\"et_pb_blurb_description\"><p>Id\u00e9al pour les \u00e9quipes ayant des besoins e-mail de base<\/p>\n<\/div><\/div>\n<div class=\"et_pb_text_1 et_pb_text et_pb_bg_layout_light et_pb_module et_flex_module preset--module--divi-text--default\"><div class=\"et_pb_text_inner\"><p style=\"text-align: center;\"><strong>24,90 \u20ac<\/strong> \/mois + TVA<\/p>\n<\/div><\/div>\n\n<div class=\"et_pb_module et_pb_button_module_wrapper et_pb_button_0_wrapper\"><a class=\"et_pb_button_0 et_pb_button et_pb_bg_layout_light et_pb_module et_flex_module\" href=\"https:\/\/motekx.be\/subscriptions\/cloud\/managed-microsoft-365-subscription\/\">Choisir Essentiel<\/a><\/div>\n\n<div class=\"et_pb_text_2 et_pb_text et_pb_bg_layout_light et_pb_module et_flex_module preset--module--divi-text--default\"><div class=\"et_pb_text_inner\"><p>Included:<\/p>\n<ul>\n<li>Microsoft 365 Business Basic<\/li>\n<li>Business email setup<\/li>\n<li>User &amp; license management<\/li>\n<li>Baseline security configuration<\/li>\n<\/ul>\n<blockquote>\n<p>Ideal if you want reliable professional email without complexity.<\/p>\n<\/blockquote>\n<\/div><\/div>\n<\/div><\/div>\n<\/div>\n\n<div class=\"et_pb_column_8 et_pb_column et_flex_column et_pb_css_mix_blend_mode_passthrough et_flex_column_8_24 et_flex_column_8_24_tablet et_flex_column_24_24_phone et_flex_column_24_24_phoneWide et_flex_column_8_24_tabletWide et_flex_column_8_24_widescreen et_flex_column_8_24_ultraWide\">\n<div class=\"et_pb_blurb_3 et_pb_blurb et_pb_bg_layout_light et_pb_text_align_center et_pb_blurb_position_top et_pb_module et_flex_module preset--module--divi-blurb--default\"><div class=\"et_pb_blurb_content et_flex_module\"><div class=\"et_pb_blurb_container\"><h3 class=\"et_pb_module_header\">Plus<\/h3><div class=\"et_pb_blurb_description\"><p>Id\u00e9al pour la collaboration quotidienne des \u00e9quipes<\/p>\n<\/div><\/div>\n<div class=\"et_pb_text_3 et_pb_text et_pb_bg_layout_light et_pb_module et_flex_module preset--module--divi-text--default\"><div class=\"et_pb_text_inner\"><p style=\"text-align: center;\"><strong>34,90 \u20ac<\/strong> \/mois + TVA<\/p>\n<\/div><\/div>\n\n<div class=\"et_pb_module et_pb_button_module_wrapper et_pb_button_1_wrapper\"><a class=\"et_pb_button_1 et_pb_button et_pb_bg_layout_light et_pb_module et_flex_module\" href=\"https:\/\/motekx.be\/subscriptions\/cloud\/managed-microsoft-365-subscription\/\">Choisir Plus<\/a><\/div>\n\n<div class=\"et_pb_text_4 et_pb_text et_pb_bg_layout_light et_pb_module et_flex_module preset--module--divi-text--default\"><div class=\"et_pb_text_inner\"><p>Everything in Essential, plus:<\/p>\n<ul>\n<li>Microsoft 365 Business Standard<\/li>\n<li>Office apps (desktop &amp; mobile)<\/li>\n<li>Enhanced tenant configuration<\/li>\n<li>Improved collaboration setup<\/li>\n<\/ul>\n<blockquote>\n<p>Ideal for teams using Microsoft tools daily.<\/p>\n<\/blockquote>\n<\/div><\/div>\n<\/div><\/div>\n<\/div>\n\n<div class=\"et_pb_column_9 et_pb_column et-last-child et_flex_column et_pb_css_mix_blend_mode_passthrough et_flex_column_8_24 et_flex_column_8_24_tablet et_flex_column_24_24_phone et_flex_column_24_24_phoneWide et_flex_column_8_24_tabletWide et_flex_column_8_24_widescreen et_flex_column_8_24_ultraWide\">\n<div class=\"et_pb_blurb_4 et_pb_blurb et_pb_bg_layout_light et_pb_text_align_center et_pb_blurb_position_top et_pb_module et_flex_module preset--module--divi-blurb--default\"><div class=\"et_pb_blurb_content et_flex_module\"><div class=\"et_pb_blurb_container\"><h3 class=\"et_pb_module_header\">Elite<\/h3><div class=\"et_pb_blurb_description\"><p>Id\u00e9al pour la s\u00e9curit\u00e9 et la gestion des appareils<\/p>\n<\/div><\/div>\n<div class=\"et_pb_text_5 et_pb_text et_pb_bg_layout_light et_pb_module et_flex_module preset--module--divi-text--default\"><div class=\"et_pb_text_inner\"><p style=\"text-align: center;\"><strong>59,90 \u20ac<\/strong> \/mois + TVA<\/p>\n<\/div><\/div>\n\n<div class=\"et_pb_module et_pb_button_module_wrapper et_pb_button_2_wrapper\"><a class=\"et_pb_button_2 et_pb_button et_pb_bg_layout_light et_pb_module et_flex_module\" href=\"https:\/\/motekx.be\/subscriptions\/cloud\/managed-microsoft-365-subscription\/\">Choisir Elite<\/a><\/div>\n\n<div class=\"et_pb_text_6 et_pb_text et_pb_bg_layout_light et_pb_module et_flex_module preset--module--divi-text--default\"><div class=\"et_pb_text_inner\"><p>Everything in Plus, plus:<\/p>\n<ul>\n<li>Microsoft 365 Business Premium<\/li>\n<li>Advanced security features<\/li>\n<li>Device &amp; identity readiness<\/li>\n<li>Stronger control over access and data<\/li>\n<\/ul>\n<blockquote>\n<p>Ideal for security\u2011conscious or regulated environments.<\/p>\n<\/blockquote>\n<\/div><\/div>\n<\/div><\/div>\n<\/div>\n<\/div>\n\n<div class=\"et_pb_row_7 et_pb_row et_flex_row\">\n<div class=\"et_pb_column_10 et_pb_column et-last-child et_flex_column et_pb_css_mix_blend_mode_passthrough et_flex_column_24_24 et_flex_column_24_24_tablet et_flex_column_24_24_phone et_flex_column_24_24_phoneWide et_flex_column_24_24_tabletWide et_flex_column_24_24_widescreen et_flex_column_24_24_ultraWide\">\n<div class=\"et_pb_divider_1 et_pb_divider et_pb_space et_pb_divider_position_top et_pb_module\"><div class=\"et_pb_divider_internal\"><\/div><\/div>\n<\/div>\n<\/div>\n\n<div class=\"et_pb_row_8 et_pb_row et_flex_row\">\n<div class=\"et_pb_column_11 et_pb_column et-last-child et_flex_column et_pb_css_mix_blend_mode_passthrough et_flex_column_24_24 et_flex_column_24_24_tablet et_flex_column_24_24_phone et_flex_column_24_24_phoneWide et_flex_column_24_24_tabletWide et_flex_column_24_24_widescreen et_flex_column_24_24_ultraWide\">\n<div class=\"et_pb_heading_2 et_pb_heading et_pb_module et_flex_module preset--module--divi-heading--default\"><div class=\"et_pb_heading_container\"><h2 class=\"et_pb_module_header\">Comment cela s'int\u00e8gre avec les autres services<\/h2><\/div><\/div>\n<\/div>\n<\/div>\n\n<div class=\"et_pb_row_9 et_pb_row et_flex_row\">\n<div class=\"et_pb_column_12 et_pb_column et-last-child et_flex_column et_pb_css_mix_blend_mode_passthrough et_flex_column_24_24 et_flex_column_24_24_tablet et_flex_column_24_24_phone et_flex_column_24_24_phoneWide et_flex_column_24_24_tabletWide et_flex_column_24_24_widescreen et_flex_column_24_24_ultraWide\">\n<div class=\"et_pb_text_7 et_pb_text et_pb_bg_layout_light et_pb_module et_flex_module preset--module--divi-text--default\"><div class=\"et_pb_text_inner\"><p>&nbsp;<\/p>\n<div>\n<p>De nombreux clients combinent Microsoft 365 avec d\u2019autres services pour simplifier leur environnement informatique :<\/p>\n<ul>\n<li><strong>Pack Cloud g\u00e9r\u00e9<\/strong><br \/><span attribution=\"{\"id\":\"mohamad.fayed@motekx.be\",\"name\":\"Mohamad Fayed\",\"timestamp\":1775841600000,\"email\":\"mohamad.fayed@motekx.be\",\"oid\":\"819da988-3561-44f5-b425-c4d2ec280210\",\"dataSource\":2}\">H\u00e9bergement g\u00e9r\u00e9, domaine, e-mail et suite Microsoft 365<\/span><\/li>\n<li><strong>Pack Cloud &amp; IT<\/strong><br \/><span attribution=\"{\"id\":\"mohamad.fayed@motekx.be\",\"name\":\"Mohamad Fayed\",\"timestamp\":1775841600000,\"email\":\"mohamad.fayed@motekx.be\",\"oid\":\"819da988-3561-44f5-b425-c4d2ec280210\",\"dataSource\":2}\">H\u00e9bergement g\u00e9r\u00e9, domaine, e-mail, suite Microsoft 365, s\u00e9curit\u00e9, conformit\u00e9 et maintenance<\/span><\/li>\n<\/ul>\n<p><em>Exemple : combinez l\u2019h\u00e9bergement g\u00e9r\u00e9 et le domaine avec Microsoft 365 g\u00e9r\u00e9 pour simplifier votre configuration informatique.<\/em><\/p>\n<p>Si vous pr\u00e9f\u00e9rez un <strong>abonnement tout-en-un<\/strong>, nous vous guiderons vers la formule la plus adapt\u00e9e.<\/p>\n<\/div>\n<\/div><\/div>\n<\/div>\n<\/div>\n\n<div class=\"et_pb_row_10 et_pb_row et_flex_row\">\n<div class=\"et_pb_column_13 et_pb_column et-last-child et_flex_column et_pb_css_mix_blend_mode_passthrough et_flex_column_24_24 et_flex_column_24_24_tablet et_flex_column_24_24_phone et_flex_column_24_24_phoneWide et_flex_column_24_24_tabletWide et_flex_column_24_24_widescreen et_flex_column_24_24_ultraWide\">\n<div class=\"et_pb_divider_2 et_pb_divider et_pb_space et_pb_divider_position_top et_pb_module\"><div class=\"et_pb_divider_internal\"><\/div><\/div>\n<\/div>\n<\/div>\n\n<div class=\"et_pb_row_11 et_pb_row et_flex_row\">\n<div class=\"et_pb_column_14 et_pb_column et-last-child et_flex_column et_pb_css_mix_blend_mode_passthrough et_flex_column_24_24 et_flex_column_24_24_tablet et_flex_column_24_24_phone et_flex_column_24_24_phoneWide et_flex_column_24_24_tabletWide et_flex_column_24_24_widescreen et_flex_column_24_24_ultraWide\">\n<div class=\"et_pb_heading_3 et_pb_heading et_pb_module et_flex_module preset--module--divi-heading--default\"><div class=\"et_pb_heading_container\"><h2 class=\"et_pb_module_header\">Pourquoi MOTEKX<\/h2><\/div><\/div>\n<\/div>\n<\/div>\n\n<div class=\"et_pb_row_12 et_pb_row et_pb_gutters3 et_block_row\">\n<div class=\"et_pb_column_15 et_pb_column et_pb_column_1_2 et_flex_column et_pb_css_mix_blend_mode_passthrough\">\n<div class=\"et_pb_blurb_5 et_pb_blurb et_pb_bg_layout_light et_pb_blurb_position_left et_pb_module et_flex_module preset--module--divi-blurb--default\"><div class=\"et_pb_blurb_content et_flex_module\"><div class=\"et_pb_main_blurb_image\"><span class=\"et_pb_image_wrap\"><span class=\"et-pb-icon et_animated et_animated\" title=\"Motekx_Cloud_Service\">\uf00c<\/span><\/span><\/div><div class=\"et_pb_blurb_container\"><h3 class=\"et_pb_module_header\">Local<\/h3><div class=\"et_pb_blurb_description\"><p>Approche ax\u00e9e sur la Belgique et adapt\u00e9e aux PME<\/p>\n<\/div><\/div><\/div><\/div>\n\n<div class=\"et_pb_blurb_6 et_pb_blurb et_pb_bg_layout_light et_pb_blurb_position_left et_pb_module et_flex_module preset--module--divi-blurb--default\"><div class=\"et_pb_blurb_content et_flex_module\"><div class=\"et_pb_main_blurb_image\"><span class=\"et_pb_image_wrap\"><span class=\"et-pb-icon et_animated et_animated\" title=\"Motekx_Cloud_Service\">\uf00c<\/span><\/span><\/div><div class=\"et_pb_blurb_container\"><h3 class=\"et_pb_module_header\">Approche<\/h3><div class=\"et_pb_blurb_description\"><p>Gestion proactive plut\u00f4t que support r\u00e9actif<\/p>\n<\/div><\/div><\/div><\/div>\n<\/div>\n\n<div class=\"et_pb_column_16 et_pb_column et_pb_column_1_2 et-last-child et_flex_column et_pb_css_mix_blend_mode_passthrough\">\n<div class=\"et_pb_blurb_7 et_pb_blurb et_pb_bg_layout_light et_pb_blurb_position_left et_pb_module et_flex_module preset--module--divi-blurb--default\"><div class=\"et_pb_blurb_content et_flex_module\"><div class=\"et_pb_main_blurb_image\"><span class=\"et_pb_image_wrap\"><span class=\"et-pb-icon et_animated et_animated\" title=\"Motekx_Cloud_Service\">\uf00c<\/span><\/span><\/div><div class=\"et_pb_blurb_container\"><h3 class=\"et_pb_module_header\">Pr\u00e9visibilit\u00e9<\/h3><div class=\"et_pb_blurb_description\"><p>Tarification et p\u00e9rim\u00e8tre pr\u00e9visibles<\/p>\n<\/div><\/div><\/div><\/div>\n\n<div class=\"et_pb_blurb_8 et_pb_blurb et_pb_bg_layout_light et_pb_blurb_position_left et_pb_module et_flex_module preset--module--divi-blurb--default\"><div class=\"et_pb_blurb_content et_flex_module\"><div class=\"et_pb_main_blurb_image\"><span class=\"et_pb_image_wrap\"><span class=\"et-pb-icon et_animated et_animated\" title=\"Motekx_Cloud_Service\">\uf00c<\/span><\/span><\/div><div class=\"et_pb_blurb_container\"><h3 class=\"et_pb_module_header\">Clart\u00e9<\/h3><div class=\"et_pb_blurb_description\"><p>Propri\u00e9t\u00e9 claire de votre environnement Microsoft<\/p>\n<\/div><\/div><\/div><\/div>\n<\/div>\n<\/div>\n\n<div class=\"et_pb_row_13 et_pb_row et_flex_row\">\n<div class=\"et_pb_column_17 et_pb_column et-last-child et_flex_column et_pb_css_mix_blend_mode_passthrough et_flex_column_24_24 et_flex_column_24_24_tablet et_flex_column_24_24_phone et_flex_column_24_24_phoneWide et_flex_column_24_24_tabletWide et_flex_column_24_24_widescreen et_flex_column_24_24_ultraWide\">\n<div class=\"et_pb_text_8 et_pb_text et_pb_bg_layout_light et_pb_module et_flex_module preset--module--divi-text--default\"><div class=\"et_pb_text_inner\"><p>Vous continuez \u00e0 utiliser Microsoft. <strong>MOTEKX<\/strong> s\u2019assure qu\u2019il reste s\u00e9curis\u00e9, structur\u00e9 et g\u00e9rable.<\/p>\n<\/div><\/div>\n<\/div>\n<\/div>\n\n<div class=\"et_pb_row_14 et_pb_row et_flex_row\">\n<div class=\"et_pb_column_18 et_pb_column et-last-child et_flex_column et_pb_css_mix_blend_mode_passthrough et_flex_column_24_24 et_flex_column_24_24_tablet et_flex_column_24_24_phone et_flex_column_24_24_phoneWide et_flex_column_24_24_tabletWide et_flex_column_24_24_widescreen et_flex_column_24_24_ultraWide\">\n<div class=\"et_pb_divider_3 et_pb_divider et_pb_space et_pb_divider_position_top et_pb_module\"><div class=\"et_pb_divider_internal\"><\/div><\/div>\n<\/div>\n<\/div>\n\n<div class=\"et_pb_row_15 et_pb_row et_flex_row\">\n<div class=\"et_pb_column_19 et_pb_column et-last-child et_flex_column et_pb_css_mix_blend_mode_passthrough et_flex_column_24_24 et_flex_column_24_24_tablet et_flex_column_24_24_phone et_flex_column_24_24_phoneWide et_flex_column_24_24_tabletWide et_flex_column_24_24_widescreen et_flex_column_24_24_ultraWide\">\n<div class=\"et_pb_text_9 et_pb_text et_pb_bg_layout_light et_pb_module et_flex_module preset--module--divi-text--default\"><div class=\"et_pb_text_inner\"><p><strong>Choisissez votre formule<\/strong> ou combinez Microsoft 365 manag\u00e9 avec d\u2019autres services MOTEKX pour un environnement de travail num\u00e9rique enti\u00e8rement pris en charge.<\/p>\n<\/div><\/div>\n\n<div class=\"et_pb_module et_pb_button_module_wrapper et_pb_button_3_wrapper\"><a class=\"et_pb_button_3 et_pb_button et_pb_bg_layout_light et_pb_module et_flex_module\" href=\"https:\/\/motekx.be\/subscriptions\/\">Voir tous les forfaits<\/a><\/div>\n\n<div class=\"et_pb_text_10 et_pb_text et_pb_bg_layout_light et_pb_module et_flex_module preset--module--divi-text--default\"><div class=\"et_pb_text_inner\"><p><span><!--ScriptorStartFragment--><\/span><\/p>\n<div class=\"scriptor-paragraph\" attribution=\"[object Object]\"><em><strong>Vous h\u00e9sitez ?<\/strong> Examinons d'abord votre projet.<\/em><\/div>\n<p><span><!--ScriptorEndFragment--><\/span><\/p>\n<p><span><!--ScriptorEndFragment--><\/span><\/p>\n<\/div><\/div>\n\n<div class=\"et_pb_module et_pb_button_module_wrapper et_pb_button_4_wrapper\"><a class=\"et_pb_button_4 et_pb_button et_pb_bg_layout_light et_pb_module et_flex_module\" href=\"https:\/\/motekx.be\/contact\/\">Contactez-nous<\/a><\/div>\n<\/div>\n<\/div>\n<\/div>","protected":false},"excerpt":{"rendered":"","protected":false},"author":1,"featured_media":0,"parent":265322,"menu_order":0,"comment_status":"closed","ping_status":"closed","template":"","meta":{"footnotes":""},"class_list":["post-267093","page","type-page","status-publish","hentry"],"_links":{"self":[{"href":"https:\/\/motekx.be\/fr\/wp-json\/wp\/v2\/pages\/267093","targetHints":{"allow":["GET"]}}],"collection":[{"href":"https:\/\/motekx.be\/fr\/wp-json\/wp\/v2\/pages"}],"about":[{"href":"https:\/\/motekx.be\/fr\/wp-json\/wp\/v2\/types\/page"}],"author":[{"embeddable":true,"href":"https:\/\/motekx.be\/fr\/wp-json\/wp\/v2\/users\/1"}],"replies":[{"embeddable":true,"href":"https:\/\/motekx.be\/fr\/wp-json\/wp\/v2\/comments?post=267093"}],"version-history":[{"count":18,"href":"https:\/\/motekx.be\/fr\/wp-json\/wp\/v2\/pages\/267093\/revisions"}],"predecessor-version":[{"id":269474,"href":"https:\/\/motekx.be\/fr\/wp-json\/wp\/v2\/pages\/267093\/revisions\/269474"}],"up":[{"embeddable":true,"href":"https:\/\/motekx.be\/fr\/wp-json\/wp\/v2\/pages\/265322"}],"wp:attachment":[{"href":"https:\/\/motekx.be\/fr\/wp-json\/wp\/v2\/media?parent=267093"}],"curies":[{"name":"wp","href":"https:\/\/api.w.org\/{rel}","templated":true}]}}