{"id":267119,"date":"2026-04-12T11:00:04","date_gmt":"2026-04-12T10:00:04","guid":{"rendered":"https:\/\/motekx.be\/motekx-care\/"},"modified":"2026-04-20T08:35:57","modified_gmt":"2026-04-20T07:35:57","slug":"motekx-care","status":"publish","type":"page","link":"https:\/\/motekx.be\/fr\/services\/motekx-care\/","title":{"rendered":"MOTEKX Care"},"content":{"rendered":"<div class=\"et_pb_section_0 et_pb_section et_section_regular et_flex_section\"><span class=\"et_pb_background_mask\"><\/span>\n<div class=\"et_pb_row_0 et_pb_row et_grid_row\">\n<div class=\"et_pb_column_0 et_pb_column et-last-child et_flex_column et_pb_css_mix_blend_mode_passthrough\">\n<section class=\"et_pb_fullwidth_header_0 et_pb_fullwidth_header et_pb_bg_layout_dark et_pb_text_align_left et_pb_module et_flex_module preset--module--divi-fullwidth-header--default\"><div class=\"et_pb_fullwidth_header_container left\"><div class=\"header-content-container center\"><div class=\"header-content et_flex_module\"><h1 class=\"et_pb_module_header\">MOTEKX Care<\/h1><span class=\"et_pb_fullwidth_header_subhead\">Maintenance et support proactifs \u2014 G\u00e9r\u00e9s pour votre entreprise<\/span><div class=\"et_pb_header_content_wrapper\"><p>Une fois vos syst\u00e8mes op\u00e9rationnels, ils n\u00e9cessitent une maintenance continue pour rester s\u00e9curis\u00e9s, rapides et fiables.<\/p>\n<p><strong>MOTEKX Care<\/strong> est notre service g\u00e9r\u00e9 de maintenance et de support qui maintient la sant\u00e9 de vos sites web, applications et infrastructures \u2014 sans probl\u00e8mes inattendus ni gestion des urgences de derni\u00e8re minute.<\/p>\n<p>&nbsp;<\/p>\n<p>Con\u00e7u pour les <strong>petites entreprises belges<\/strong>, MOTEKX Care vous offre la tranquillit\u00e9 d'esprit gr\u00e2ce \u00e0 une gestion structur\u00e9e et continue.<\/p>\n<div><\/div>\n<\/div><div class=\"et_pb_header_button_wrapper\"><\/div><\/div><\/div><\/div><div class=\"et_pb_fullwidth_header_overlay\"><\/div><div class=\"et_pb_fullwidth_header_scroll\"><\/div><\/section>\n<\/div>\n<\/div>\n<\/div>\n\n<div class=\"et_pb_section_1 et_pb_section et_section_regular et_flex_section\">\n<div class=\"et_pb_row_1 et_pb_row et_flex_row\">\n<div class=\"et_pb_column_1 et_pb_column et-last-child et_flex_column et_pb_css_mix_blend_mode_passthrough et_flex_column_24_24 et_flex_column_24_24_tablet et_flex_column_24_24_phone et_flex_column_24_24_phoneWide et_flex_column_24_24_tabletWide et_flex_column_24_24_widescreen et_flex_column_24_24_ultraWide\">\n<div class=\"et_pb_heading_0 et_pb_heading et_pb_module et_flex_module preset--module--divi-heading--default\"><div class=\"et_pb_heading_container\"><h2 class=\"et_pb_module_header\">Quel probl\u00e8me cela r\u00e9sout<\/h2><\/div><\/div>\n<\/div>\n<\/div>\n\n<div class=\"et_pb_row_2 et_pb_row et_flex_row\">\n<div class=\"et_pb_column_2 et_pb_column et-last-child et_flex_column et_pb_css_mix_blend_mode_passthrough et_flex_column_24_24 et_flex_column_24_24_tablet et_flex_column_24_24_phone et_flex_column_24_24_phoneWide et_flex_column_24_24_tabletWide et_flex_column_24_24_widescreen et_flex_column_24_24_ultraWide\">\n<div class=\"et_pb_text_0 et_pb_text et_pb_bg_layout_light et_pb_module et_flex_module preset--module--divi-text--default\"><div class=\"et_pb_text_inner\"><div>\n<p>De nombreuses entreprises sont confront\u00e9es \u00e0 :<\/p>\n<ul>\n<li>Des sites web qui ne fonctionnent plus apr\u00e8s les mises \u00e0 jour<\/li>\n<li>Des sauvegardes manqu\u00e9es ou des restaurations peu fiables<\/li>\n<li>Des probl\u00e8mes de s\u00e9curit\u00e9 d\u00e9couverts trop tard<\/li>\n<li>Aucune responsabilit\u00e9 claire pour la sant\u00e9 du syst\u00e8me<\/li>\n<\/ul>\n<p>MOTEKX Care remplace les correctifs r\u00e9actifs par une <strong>approche de maintenance proactive, surveill\u00e9e et bien d\u00e9finie<\/strong>.<\/p>\n<\/div>\n<p><span><!--ScriptorEndFragment--><\/span><\/p>\n<\/div><\/div>\n<\/div>\n<\/div>\n\n<div class=\"et_pb_row_3 et_pb_row et_flex_row\">\n<div class=\"et_pb_column_3 et_pb_column et-last-child et_flex_column et_pb_css_mix_blend_mode_passthrough et_flex_column_24_24 et_flex_column_24_24_tablet et_flex_column_24_24_phone et_flex_column_24_24_phoneWide et_flex_column_24_24_tabletWide et_flex_column_24_24_widescreen et_flex_column_24_24_ultraWide\">\n<div class=\"et_pb_divider_0 et_pb_divider et_pb_space et_pb_divider_position_top et_pb_module\"><div class=\"et_pb_divider_internal\"><\/div><\/div>\n<\/div>\n<\/div>\n\n<div class=\"et_pb_row_4 et_pb_row et_flex_row\">\n<div class=\"et_pb_column_4 et_pb_column et-last-child et_flex_column et_pb_css_mix_blend_mode_passthrough et_flex_column_24_24 et_flex_column_24_24_tablet et_flex_column_24_24_phone et_flex_column_24_24_phoneWide et_flex_column_24_24_tabletWide et_flex_column_24_24_widescreen et_flex_column_24_24_ultraWide\">\n<div class=\"et_pb_heading_1 et_pb_heading et_pb_module et_flex_module preset--module--divi-heading--default\"><div class=\"et_pb_heading_container\"><h2 class=\"et_pb_module_header\">Niveaux de service<\/h2><\/div><\/div>\n<\/div>\n<\/div>\n\n<div class=\"et_pb_row_5 et_pb_row et_flex_row\">\n<div class=\"et_pb_column_5 et_pb_column et_flex_column et_pb_css_mix_blend_mode_passthrough et_flex_column_12_24 et_flex_column_12_24_tablet et_flex_column_24_24_phone et_flex_column_24_24_phoneWide et_flex_column_12_24_tabletWide et_flex_column_12_24_widescreen et_flex_column_12_24_ultraWide\">\n<div class=\"et_pb_blurb_0 et_pb_blurb et_pb_bg_layout_light et_pb_blurb_position_left et_pb_module et_flex_module preset--module--divi-blurb--default\"><div class=\"et_pb_blurb_content et_flex_module\"><div class=\"et_pb_main_blurb_image\"><span class=\"et_pb_image_wrap\"><span class=\"et-pb-icon et_animated et_animated\">\uf00c<\/span><\/span><\/div><div class=\"et_pb_blurb_container\"><h3 class=\"et_pb_module_header\">Ce qui est inclus<\/h3><div class=\"et_pb_blurb_description\"><ul><\/ul>\n<p>Selon votre plan, MOTEKX Care couvre :<\/p>\n<ul><\/ul>\n<ul>\n<li>Mises \u00e0 jour logicielles et de plateforme<\/li>\n<li>Maintenance des bases de donn\u00e9es et des syst\u00e8mes<\/li>\n<li>Gestion des sauvegardes (fr\u00e9quence selon le plan)<\/li>\n<li>V\u00e9rifications de s\u00e9curit\u00e9 et de vuln\u00e9rabilit\u00e9<\/li>\n<li>Surveillance des performances et de la disponibilit\u00e9<\/li>\n<li>Examens de sant\u00e9 p\u00e9riodiques et rapports<\/li>\n<\/ul>\n<\/div><\/div><\/div><\/div>\n<\/div>\n\n<div class=\"et_pb_column_6 et_pb_column et-last-child et_flex_column et_pb_css_mix_blend_mode_passthrough et_flex_column_12_24 et_flex_column_12_24_tablet et_flex_column_24_24_phone et_flex_column_24_24_phoneWide et_flex_column_12_24_tabletWide et_flex_column_12_24_widescreen et_flex_column_12_24_ultraWide\">\n<div class=\"et_pb_blurb_1 et_pb_blurb et_pb_bg_layout_light et_pb_blurb_position_left et_pb_module et_flex_module preset--module--divi-blurb--default\"><div class=\"et_pb_blurb_content et_flex_module\"><div class=\"et_pb_main_blurb_image\"><span class=\"et_pb_image_wrap\"><span class=\"et-pb-icon et_animated et_animated\">\uf00d<\/span><\/span><\/div><div class=\"et_pb_blurb_container\"><h3 class=\"et_pb_module_header\">Ce qui n'est pas inclus<\/h3><div class=\"et_pb_blurb_description\"><ul><\/ul>\n<p>Le service MOTEKX Care ne couvre pas :<\/p>\n<ul><\/ul>\n<div>\n<ul>\n<li>Le d\u00e9veloppement de nouvelles fonctionnalit\u00e9s<\/li>\n<li>Les refontes de sites web ou les changements structurels<\/li>\n<li>Les mises \u00e0 niveau majeures de version n\u00e9cessitant une r\u00e9architecture<\/li>\n<li>Le d\u00e9pannage personnalis\u00e9 en dehors des op\u00e9rations normales<\/li>\n<\/ul>\n<p>Ceux-ci sont trait\u00e9s par le <strong>travail de projet<\/strong> ou des forfaits de services avanc\u00e9s.<\/p>\n<\/div>\n<\/div><\/div><\/div><\/div>\n<\/div>\n<\/div>\n\n<div class=\"et_pb_row_6 et_pb_row et_flex_row\">\n<div class=\"et_pb_column_7 et_pb_column et_flex_column et_pb_css_mix_blend_mode_passthrough et_flex_column_8_24 et_flex_column_8_24_tablet et_flex_column_24_24_phone et_flex_column_24_24_phoneWide et_flex_column_8_24_tabletWide et_flex_column_8_24_widescreen et_flex_column_8_24_ultraWide\">\n<div class=\"et_pb_blurb_2 et_pb_blurb et_pb_bg_layout_light et_pb_text_align_center et_pb_blurb_position_top et_pb_module et_flex_module preset--module--divi-blurb--default\"><div class=\"et_pb_blurb_content et_flex_module\"><div class=\"et_pb_blurb_container\"><h3 class=\"et_pb_module_header\">Essential<\/h3><div class=\"et_pb_blurb_description\"><p>Id\u00e9al pour les environnements \u00e0 faible \u00e9volution<\/p>\n<\/div><\/div>\n<div class=\"et_pb_text_1 et_pb_text et_pb_bg_layout_light et_pb_module et_flex_module preset--module--divi-text--default\"><div class=\"et_pb_text_inner\"><p style=\"text-align: center;\"><strong>24,90 \u20ac<\/strong> \/mois + TVA<\/p>\n<\/div><\/div>\n\n<div class=\"et_pb_module et_pb_button_module_wrapper et_pb_button_0_wrapper\"><a class=\"et_pb_button_0 et_pb_button et_pb_bg_layout_light et_pb_module et_flex_module\" href=\"https:\/\/motekx.be\/subscriptions\/it\/website-maintenance-subscription\/\">Choisir Essentiel<\/a><\/div>\n\n<div class=\"et_pb_text_2 et_pb_text et_pb_bg_layout_light et_pb_module et_flex_module preset--module--divi-text--default\"><div class=\"et_pb_text_inner\"><p>Inclus :<\/p>\n<ul><\/ul>\n<div>\n<ul>\n<li>Mises \u00e0 jour logicielles et de base de donn\u00e9es planifi\u00e9es<\/li>\n<li>Sauvegardes hebdomadaires<\/li>\n<li>Surveillance syst\u00e8me de base<\/li>\n<li>R\u00e9ponse du support sous 48 heures<\/li>\n<\/ul>\n<blockquote>\n<p>Id\u00e9al si vous souhaitez un entretien fiable sans besoins op\u00e9rationnels lourds.<\/p>\n<\/blockquote>\n<\/div>\n<\/div><\/div>\n<\/div><\/div>\n<\/div>\n\n<div class=\"et_pb_column_8 et_pb_column et_flex_column et_pb_css_mix_blend_mode_passthrough et_flex_column_8_24 et_flex_column_8_24_tablet et_flex_column_24_24_phone et_flex_column_24_24_phoneWide et_flex_column_8_24_tabletWide et_flex_column_8_24_widescreen et_flex_column_8_24_ultraWide\">\n<div class=\"et_pb_blurb_3 et_pb_blurb et_pb_bg_layout_light et_pb_text_align_center et_pb_blurb_position_top et_pb_module et_flex_module preset--module--divi-blurb--default\"><div class=\"et_pb_blurb_content et_flex_module\"><div class=\"et_pb_blurb_container\"><h3 class=\"et_pb_module_header\">Plus<\/h3><div class=\"et_pb_blurb_description\"><p>Id\u00e9al pour les sites web actifs<\/p>\n<\/div><\/div>\n<div class=\"et_pb_text_3 et_pb_text et_pb_bg_layout_light et_pb_module et_flex_module preset--module--divi-text--default\"><div class=\"et_pb_text_inner\"><p style=\"text-align: center;\"><strong>49,90 \u20ac<\/strong> \/mois + TVA<\/p>\n<\/div><\/div>\n\n<div class=\"et_pb_module et_pb_button_module_wrapper et_pb_button_1_wrapper\"><a class=\"et_pb_button_1 et_pb_button et_pb_bg_layout_light et_pb_module et_flex_module\" href=\"https:\/\/motekx.be\/subscriptions\/it\/website-maintenance-subscription\/\">Choisir Plus<\/a><\/div>\n\n<div class=\"et_pb_text_4 et_pb_text et_pb_bg_layout_light et_pb_module et_flex_module preset--module--divi-text--default\"><div class=\"et_pb_text_inner\"><p>Tout ce qui est inclus dans Essential, plus :<\/p>\n<ul><\/ul>\n<div>\n<ul>\n<li>Sauvegardes quotidiennes<\/li>\n<li>V\u00e9rifications de s\u00e9curit\u00e9<\/li>\n<li>Surveillance am\u00e9lior\u00e9e<\/li>\n<li>R\u00e9ponse du support plus rapide (24 heures)<\/li>\n<\/ul>\n<blockquote>\n<p>Id\u00e9al pour les entreprises qui d\u00e9pendent quotidiennement de leur site web.<\/p>\n<\/blockquote>\n<\/div>\n<\/div><\/div>\n<\/div><\/div>\n<\/div>\n\n<div class=\"et_pb_column_9 et_pb_column et-last-child et_flex_column et_pb_css_mix_blend_mode_passthrough et_flex_column_8_24 et_flex_column_8_24_tablet et_flex_column_24_24_phone et_flex_column_24_24_phoneWide et_flex_column_8_24_tabletWide et_flex_column_8_24_widescreen et_flex_column_8_24_ultraWide\">\n<div class=\"et_pb_blurb_4 et_pb_blurb et_pb_bg_layout_light et_pb_text_align_center et_pb_blurb_position_top et_pb_module et_flex_module preset--module--divi-blurb--default\"><div class=\"et_pb_blurb_content et_flex_module\"><div class=\"et_pb_blurb_container\"><h3 class=\"et_pb_module_header\">Elite<\/h3><div class=\"et_pb_blurb_description\"><p>Id\u00e9al pour les syst\u00e8mes critiques<\/p>\n<\/div><\/div>\n<div class=\"et_pb_text_5 et_pb_text et_pb_bg_layout_light et_pb_module et_flex_module preset--module--divi-text--default\"><div class=\"et_pb_text_inner\"><p style=\"text-align: center;\"><strong>99,90 \u20ac<\/strong> \/mois + TVA<\/p>\n<\/div><\/div>\n\n<div class=\"et_pb_module et_pb_button_module_wrapper et_pb_button_2_wrapper\"><a class=\"et_pb_button_2 et_pb_button et_pb_bg_layout_light et_pb_module et_flex_module\" href=\"https:\/\/motekx.be\/subscriptions\/it\/website-maintenance-subscription\/\">Choisir Elite<\/a><\/div>\n\n<div class=\"et_pb_text_6 et_pb_text et_pb_bg_layout_light et_pb_module et_flex_module preset--module--divi-text--default\"><div class=\"et_pb_text_inner\"><p>Tout ce qui est inclus dans Plus, plus :<\/p>\n<ul><\/ul>\n<ul>\n<li>Sauvegardes en temps r\u00e9el<\/li>\n<li>V\u00e9rifications avanc\u00e9es des vuln\u00e9rabilit\u00e9s<\/li>\n<li>Surveillance des performances et de la disponibilit\u00e9<\/li>\n<li>Rapports de sant\u00e9 mensuels<\/li>\n<li>Support prioritaire (sous 8 heures ouvrables)<\/li>\n<\/ul>\n<blockquote>\n<p>Id\u00e9al lorsque les temps d'arr\u00eat, la perte de donn\u00e9es ou les performances lentes ne sont pas acceptables.<\/p>\n<\/blockquote>\n<\/div><\/div>\n<\/div><\/div>\n<\/div>\n<\/div>\n\n<div class=\"et_pb_row_7 et_pb_row et_flex_row\">\n<div class=\"et_pb_column_10 et_pb_column et-last-child et_flex_column et_pb_css_mix_blend_mode_passthrough et_flex_column_24_24 et_flex_column_24_24_tablet et_flex_column_24_24_phone et_flex_column_24_24_phoneWide et_flex_column_24_24_tabletWide et_flex_column_24_24_widescreen et_flex_column_24_24_ultraWide\">\n<div class=\"et_pb_text_7 et_pb_text et_pb_bg_layout_light et_pb_module et_flex_module preset--module--divi-text--default\"><div class=\"et_pb_text_inner\"><p><em>Le <strong>temps de r\u00e9ponse<\/strong> fait r\u00e9f\u00e9rence au d\u00e9lai d'accus\u00e9 de r\u00e9ception et d'\u00e9valuation d'une demande ou d'une alerte, et non n\u00e9cessairement \u00e0 la r\u00e9solution compl\u00e8te.<\/em><\/p>\n<\/div><\/div>\n<\/div>\n<\/div>\n\n<div class=\"et_pb_row_8 et_pb_row et_flex_row\">\n<div class=\"et_pb_column_11 et_pb_column et-last-child et_flex_column et_pb_css_mix_blend_mode_passthrough et_flex_column_24_24 et_flex_column_24_24_tablet et_flex_column_24_24_phone et_flex_column_24_24_phoneWide et_flex_column_24_24_tabletWide et_flex_column_24_24_widescreen et_flex_column_24_24_ultraWide\">\n<div class=\"et_pb_divider_1 et_pb_divider et_pb_space et_pb_divider_position_top et_pb_module\"><div class=\"et_pb_divider_internal\"><\/div><\/div>\n<\/div>\n<\/div>\n\n<div class=\"et_pb_row_9 et_pb_row et_flex_row\">\n<div class=\"et_pb_column_12 et_pb_column et-last-child et_flex_column et_pb_css_mix_blend_mode_passthrough et_flex_column_24_24 et_flex_column_24_24_tablet et_flex_column_24_24_phone et_flex_column_24_24_phoneWide et_flex_column_24_24_tabletWide et_flex_column_24_24_widescreen et_flex_column_24_24_ultraWide\">\n<div class=\"et_pb_heading_2 et_pb_heading et_pb_module et_flex_module preset--module--divi-heading--default\"><div class=\"et_pb_heading_container\"><h2 class=\"et_pb_module_header\">Comment cela s'int\u00e8gre avec les autres services<\/h2><\/div><\/div>\n<\/div>\n<\/div>\n\n<div class=\"et_pb_row_10 et_pb_row et_flex_row\">\n<div class=\"et_pb_column_13 et_pb_column et-last-child et_flex_column et_pb_css_mix_blend_mode_passthrough et_flex_column_24_24 et_flex_column_24_24_tablet et_flex_column_24_24_phone et_flex_column_24_24_phoneWide et_flex_column_24_24_tabletWide et_flex_column_24_24_widescreen et_flex_column_24_24_ultraWide\">\n<div class=\"et_pb_text_8 et_pb_text et_pb_bg_layout_light et_pb_module et_flex_module preset--module--divi-text--default\"><div class=\"et_pb_text_inner\"><div>\n<p>MOTEKX Care est souvent combin\u00e9 avec d'autres services MOTEKX pour assurer une stabilit\u00e9 de bout en bout :<\/p>\n<ul>\n<li><strong>H\u00e9bergement et domaine g\u00e9r\u00e9s<\/strong><br \/>Assure la bonne sant\u00e9 de l'infrastructure<\/li>\n<li><strong>Microsoft 365 g\u00e9r\u00e9<\/strong><br \/>Maintient les outils de productivit\u00e9 en bon \u00e9tat<\/li>\n<li><strong>Forfaits Cloud et IT<\/strong><br \/>Combinez h\u00e9bergement, s\u00e9curit\u00e9, conformit\u00e9 et maintenance<\/li>\n<\/ul>\n<p>Si un service mentionne \u00ab g\u00e9r\u00e9 via la maintenance \u00bb, il fait g\u00e9n\u00e9ralement r\u00e9f\u00e9rence \u00e0 <strong>MOTEKX Care<\/strong>.<\/p>\n<\/div>\n<\/div><\/div>\n<\/div>\n<\/div>\n\n<div class=\"et_pb_row_11 et_pb_row et_flex_row\">\n<div class=\"et_pb_column_14 et_pb_column et-last-child et_flex_column et_pb_css_mix_blend_mode_passthrough et_flex_column_24_24 et_flex_column_24_24_tablet et_flex_column_24_24_phone et_flex_column_24_24_phoneWide et_flex_column_24_24_tabletWide et_flex_column_24_24_widescreen et_flex_column_24_24_ultraWide\">\n<div class=\"et_pb_divider_2 et_pb_divider et_pb_space et_pb_divider_position_top et_pb_module\"><div class=\"et_pb_divider_internal\"><\/div><\/div>\n<\/div>\n<\/div>\n\n<div class=\"et_pb_row_12 et_pb_row et_flex_row\">\n<div class=\"et_pb_column_15 et_pb_column et-last-child et_flex_column et_pb_css_mix_blend_mode_passthrough et_flex_column_24_24 et_flex_column_24_24_tablet et_flex_column_24_24_phone et_flex_column_24_24_phoneWide et_flex_column_24_24_tabletWide et_flex_column_24_24_widescreen et_flex_column_24_24_ultraWide\">\n<div class=\"et_pb_heading_3 et_pb_heading et_pb_module et_flex_module preset--module--divi-heading--default\"><div class=\"et_pb_heading_container\"><h2 class=\"et_pb_module_header\">Pourquoi MOTEKX<\/h2><\/div><\/div>\n<\/div>\n<\/div>\n\n<div class=\"et_pb_row_13 et_pb_row et_pb_gutters3 et_block_row\">\n<div class=\"et_pb_column_16 et_pb_column et_pb_column_1_2 et_flex_column et_pb_css_mix_blend_mode_passthrough\">\n<div class=\"et_pb_blurb_5 et_pb_blurb et_pb_bg_layout_light et_pb_blurb_position_left et_pb_module et_flex_module preset--module--divi-blurb--default\"><div class=\"et_pb_blurb_content et_flex_module\"><div class=\"et_pb_main_blurb_image\"><span class=\"et_pb_image_wrap\"><span class=\"et-pb-icon et_animated et_animated\" title=\"Motekx_Cloud_Service\">\uf00c<\/span><\/span><\/div><div class=\"et_pb_blurb_container\"><h3 class=\"et_pb_module_header\">Approche<\/h3><div class=\"et_pb_blurb_description\"><p>Les probl\u00e8mes sont pr\u00e9venus de mani\u00e8re proactive, et non seulement corrig\u00e9s<\/p>\n<\/div><\/div><\/div><\/div>\n\n<div class=\"et_pb_blurb_6 et_pb_blurb et_pb_bg_layout_light et_pb_blurb_position_left et_pb_module et_flex_module preset--module--divi-blurb--default\"><div class=\"et_pb_blurb_content et_flex_module\"><div class=\"et_pb_main_blurb_image\"><span class=\"et_pb_image_wrap\"><span class=\"et-pb-icon et_animated et_animated\" title=\"Motekx_Cloud_Service\">\uf00c<\/span><\/span><\/div><div class=\"et_pb_blurb_container\"><h3 class=\"et_pb_module_header\">R\u00e9alisme<\/h3><div class=\"et_pb_blurb_description\"><p>Con\u00e7u pour les r\u00e9alit\u00e9s des PME, pas pour la bureaucratie des grandes entreprises<\/p>\n<\/div><\/div><\/div><\/div>\n<\/div>\n\n<div class=\"et_pb_column_17 et_pb_column et_pb_column_1_2 et-last-child et_flex_column et_pb_css_mix_blend_mode_passthrough\">\n<div class=\"et_pb_blurb_7 et_pb_blurb et_pb_bg_layout_light et_pb_blurb_position_left et_pb_module et_flex_module preset--module--divi-blurb--default\"><div class=\"et_pb_blurb_content et_flex_module\"><div class=\"et_pb_main_blurb_image\"><span class=\"et_pb_image_wrap\"><span class=\"et-pb-icon et_animated et_animated\" title=\"Motekx_Cloud_Service\">\uf00c<\/span><\/span><\/div><div class=\"et_pb_blurb_container\"><h3 class=\"et_pb_module_header\">Clart\u00e9<\/h3><div class=\"et_pb_blurb_description\"><div>Port\u00e9e et temps de r\u00e9ponse clairs<\/div>\n<\/div><\/div><\/div><\/div>\n\n<div class=\"et_pb_blurb_8 et_pb_blurb et_pb_bg_layout_light et_pb_blurb_position_left et_pb_module et_flex_module preset--module--divi-blurb--default\"><div class=\"et_pb_blurb_content et_flex_module\"><div class=\"et_pb_main_blurb_image\"><span class=\"et_pb_image_wrap\"><span class=\"et-pb-icon et_animated et_animated\" title=\"Motekx_Cloud_Service\">\uf00c<\/span><\/span><\/div><div class=\"et_pb_blurb_container\"><h3 class=\"et_pb_module_header\">Responsabilit\u00e9<\/h3><div class=\"et_pb_blurb_description\"><p>Un partenaire responsable pour la sant\u00e9 continue du syst\u00e8me<\/p>\n<\/div><\/div><\/div><\/div>\n<\/div>\n<\/div>\n\n<div class=\"et_pb_row_14 et_pb_row et_flex_row\">\n<div class=\"et_pb_column_18 et_pb_column et-last-child et_flex_column et_pb_css_mix_blend_mode_passthrough et_flex_column_24_24 et_flex_column_24_24_tablet et_flex_column_24_24_phone et_flex_column_24_24_phoneWide et_flex_column_24_24_tabletWide et_flex_column_24_24_widescreen et_flex_column_24_24_ultraWide\">\n<div class=\"et_pb_text_9 et_pb_text et_pb_bg_layout_light et_pb_module et_flex_module preset--module--divi-text--default\"><div class=\"et_pb_text_inner\"><div>Vous g\u00e9rez votre entreprise.<br \/>\n<strong>MOTEKX Care<\/strong> assure le bon fonctionnement de vos syst\u00e8mes.<\/div>\n<\/div><\/div>\n<\/div>\n<\/div>\n\n<div class=\"et_pb_row_15 et_pb_row et_flex_row\">\n<div class=\"et_pb_column_19 et_pb_column et-last-child et_flex_column et_pb_css_mix_blend_mode_passthrough et_flex_column_24_24 et_flex_column_24_24_tablet et_flex_column_24_24_phone et_flex_column_24_24_phoneWide et_flex_column_24_24_tabletWide et_flex_column_24_24_widescreen et_flex_column_24_24_ultraWide\">\n<div class=\"et_pb_divider_3 et_pb_divider et_pb_space et_pb_divider_position_top et_pb_module\"><div class=\"et_pb_divider_internal\"><\/div><\/div>\n<\/div>\n<\/div>\n\n<div class=\"et_pb_row_16 et_pb_row et_flex_row\">\n<div class=\"et_pb_column_20 et_pb_column et-last-child et_flex_column et_pb_css_mix_blend_mode_passthrough et_flex_column_24_24 et_flex_column_24_24_tablet et_flex_column_24_24_phone et_flex_column_24_24_phoneWide et_flex_column_24_24_tabletWide et_flex_column_24_24_widescreen et_flex_column_24_24_ultraWide\">\n<div class=\"et_pb_text_10 et_pb_text et_pb_bg_layout_light et_pb_module et_flex_module preset--module--divi-text--default\"><div class=\"et_pb_text_inner\"><p><strong>S\u00e9lectionnez votre plan MOTEKX Care<\/strong> ou combinez-le avec d'autres services g\u00e9r\u00e9s MOTEKX pour un environnement num\u00e9rique enti\u00e8rement pris en charge.<\/p>\n<\/div><\/div>\n\n<div class=\"et_pb_module et_pb_button_module_wrapper et_pb_button_3_wrapper\"><a class=\"et_pb_button_3 et_pb_button et_pb_bg_layout_light et_pb_module et_flex_module\" href=\"https:\/\/motekx.be\/subscriptions\/\">Voir tous les forfaits<\/a><\/div>\n\n<div class=\"et_pb_text_11 et_pb_text et_pb_bg_layout_light et_pb_module et_flex_module preset--module--divi-text--default\"><div class=\"et_pb_text_inner\"><p><span><!--ScriptorStartFragment--><\/span><\/p>\n<div class=\"scriptor-paragraph\" attribution=\"[object Object]\"><em><strong>Vous h\u00e9sitez ?<\/strong> Examinons d'abord votre projet.<\/em><\/div>\n<p><span><!--ScriptorEndFragment--><\/span><\/p>\n<p><span><!--ScriptorEndFragment--><\/span><\/p>\n<\/div><\/div>\n\n<div class=\"et_pb_module et_pb_button_module_wrapper et_pb_button_4_wrapper\"><a class=\"et_pb_button_4 et_pb_button et_pb_bg_layout_light et_pb_module et_flex_module\" href=\"https:\/\/motekx.be\/contact\/\">Contactez-nous<\/a><\/div>\n<\/div>\n<\/div>\n<\/div>","protected":false},"excerpt":{"rendered":"","protected":false},"author":1,"featured_media":0,"parent":265322,"menu_order":0,"comment_status":"closed","ping_status":"closed","template":"","meta":{"footnotes":""},"class_list":["post-267119","page","type-page","status-publish","hentry"],"_links":{"self":[{"href":"https:\/\/motekx.be\/fr\/wp-json\/wp\/v2\/pages\/267119","targetHints":{"allow":["GET"]}}],"collection":[{"href":"https:\/\/motekx.be\/fr\/wp-json\/wp\/v2\/pages"}],"about":[{"href":"https:\/\/motekx.be\/fr\/wp-json\/wp\/v2\/types\/page"}],"author":[{"embeddable":true,"href":"https:\/\/motekx.be\/fr\/wp-json\/wp\/v2\/users\/1"}],"replies":[{"embeddable":true,"href":"https:\/\/motekx.be\/fr\/wp-json\/wp\/v2\/comments?post=267119"}],"version-history":[{"count":15,"href":"https:\/\/motekx.be\/fr\/wp-json\/wp\/v2\/pages\/267119\/revisions"}],"predecessor-version":[{"id":269477,"href":"https:\/\/motekx.be\/fr\/wp-json\/wp\/v2\/pages\/267119\/revisions\/269477"}],"up":[{"embeddable":true,"href":"https:\/\/motekx.be\/fr\/wp-json\/wp\/v2\/pages\/265322"}],"wp:attachment":[{"href":"https:\/\/motekx.be\/fr\/wp-json\/wp\/v2\/media?parent=267119"}],"curies":[{"name":"wp","href":"https:\/\/api.w.org\/{rel}","templated":true}]}}