{"id":267160,"date":"2026-04-12T12:06:16","date_gmt":"2026-04-12T11:06:16","guid":{"rendered":"https:\/\/motekx.be\/presence-en-ligne\/"},"modified":"2026-04-20T08:36:16","modified_gmt":"2026-04-20T07:36:16","slug":"presence-en-ligne","status":"publish","type":"page","link":"https:\/\/motekx.be\/fr\/services\/presence-en-ligne\/","title":{"rendered":"Pr\u00e9sence en ligne"},"content":{"rendered":"<div class=\"et_pb_section_0 et_pb_section et_section_regular et_flex_section\"><span class=\"et_pb_background_mask\"><\/span>\n<div class=\"et_pb_row_0 et_pb_row et_grid_row\">\n<div class=\"et_pb_column_0 et_pb_column et-last-child et_flex_column et_pb_css_mix_blend_mode_passthrough\">\n<section class=\"et_pb_fullwidth_header_0 et_pb_fullwidth_header et_pb_bg_layout_dark et_pb_text_align_left et_pb_module et_flex_module preset--module--divi-fullwidth-header--default\"><div class=\"et_pb_fullwidth_header_container left\"><div class=\"header-content-container center\"><div class=\"header-content et_flex_module\"><h1 class=\"et_pb_module_header\">Pr\u00e9sence en ligne<\/h1><span class=\"et_pb_fullwidth_header_subhead\">Soyez trouv\u00e9, soyez compris, soyez digne de confiance \u2014 en ligne<\/span><div class=\"et_pb_header_content_wrapper\"><div>\n<p>Avoir un site web ne suffit pas.<br \/>Votre entreprise doit \u00eatre <strong>visible<\/strong>, <strong>cr\u00e9dible<\/strong> et <strong>facile \u00e0 comprendre<\/strong> lorsque des clients potentiels recherchent vos services.<\/p>\n<p>&nbsp;<\/p>\n<p><strong>Online Presence<\/strong> de MOTEKX aide les petites entreprises \u00e0 construire et \u00e0 maintenir une empreinte num\u00e9rique professionnelle, facilement trouvable et digne de confiance \u2014 sans bruit marketing ni promesses vagues.<\/p>\n<p>&nbsp;<\/p>\n<p>Con\u00e7u pour les <strong>PME belges<\/strong> qui recherchent de la clart\u00e9 et une pr\u00e9sence mesurable, pas des \u00ab growth hacks \u00bb.<\/p>\n<\/div>\n<\/div><div class=\"et_pb_header_button_wrapper\"><\/div><\/div><\/div><\/div><div class=\"et_pb_fullwidth_header_overlay\"><\/div><div class=\"et_pb_fullwidth_header_scroll\"><\/div><\/section>\n<\/div>\n<\/div>\n<\/div>\n\n<div class=\"et_pb_section_1 et_pb_section et_section_regular et_flex_section\">\n<div class=\"et_pb_row_1 et_pb_row et_flex_row\">\n<div class=\"et_pb_column_1 et_pb_column et-last-child et_flex_column et_pb_css_mix_blend_mode_passthrough et_flex_column_24_24 et_flex_column_24_24_tablet et_flex_column_24_24_phone et_flex_column_24_24_phoneWide et_flex_column_24_24_tabletWide et_flex_column_24_24_widescreen et_flex_column_24_24_ultraWide\">\n<div class=\"et_pb_heading_0 et_pb_heading et_pb_module et_flex_module preset--module--divi-heading--default\"><div class=\"et_pb_heading_container\"><h2 class=\"et_pb_module_header\">Quel probl\u00e8me cela r\u00e9sout<\/h2><\/div><\/div>\n<\/div>\n<\/div>\n\n<div class=\"et_pb_row_2 et_pb_row et_flex_row\">\n<div class=\"et_pb_column_2 et_pb_column et-last-child et_flex_column et_pb_css_mix_blend_mode_passthrough et_flex_column_24_24 et_flex_column_24_24_tablet et_flex_column_24_24_phone et_flex_column_24_24_phoneWide et_flex_column_24_24_tabletWide et_flex_column_24_24_widescreen et_flex_column_24_24_ultraWide\">\n<div class=\"et_pb_text_0 et_pb_text et_pb_bg_layout_light et_pb_module et_flex_module preset--module--divi-text--default\"><div class=\"et_pb_text_inner\"><div>\n<p>De nombreuses entreprises sont confront\u00e9es \u00e0 :<\/p>\n<ul>\n<li>Un site web qui existe, mais qu\u2019on ne trouve pas<\/li>\n<li>Une visibilit\u00e9 de recherche faible ou confuse<\/li>\n<li>Aucune visibilit\u00e9 sur qui visite leur site et pourquoi<\/li>\n<li>Des informations en ligne obsol\u00e8tes ou incoh\u00e9rentes<\/li>\n<\/ul>\n<p>Online Presence remplace les suppositions par une <strong>configuration de visibilit\u00e9 structur\u00e9e, mesurable et facile \u00e0 maintenir<\/strong>.<\/p>\n<\/div>\n<\/div><\/div>\n<\/div>\n<\/div>\n\n<div class=\"et_pb_row_3 et_pb_row et_flex_row\">\n<div class=\"et_pb_column_3 et_pb_column et-last-child et_flex_column et_pb_css_mix_blend_mode_passthrough et_flex_column_24_24 et_flex_column_24_24_tablet et_flex_column_24_24_phone et_flex_column_24_24_phoneWide et_flex_column_24_24_tabletWide et_flex_column_24_24_widescreen et_flex_column_24_24_ultraWide\">\n<div class=\"et_pb_divider_0 et_pb_divider et_pb_space et_pb_divider_position_top et_pb_module\"><div class=\"et_pb_divider_internal\"><\/div><\/div>\n<\/div>\n<\/div>\n\n<div class=\"et_pb_row_4 et_pb_row et_flex_row\">\n<div class=\"et_pb_column_4 et_pb_column et-last-child et_flex_column et_pb_css_mix_blend_mode_passthrough et_flex_column_24_24 et_flex_column_24_24_tablet et_flex_column_24_24_phone et_flex_column_24_24_phoneWide et_flex_column_24_24_tabletWide et_flex_column_24_24_widescreen et_flex_column_24_24_ultraWide\">\n<div class=\"et_pb_heading_1 et_pb_heading et_pb_module et_flex_module preset--module--divi-heading--default\"><div class=\"et_pb_heading_container\"><h2 class=\"et_pb_module_header\">Niveaux de service<\/h2><\/div><\/div>\n<\/div>\n<\/div>\n\n<div class=\"et_pb_row_5 et_pb_row et_flex_row\">\n<div class=\"et_pb_column_5 et_pb_column et_flex_column et_pb_css_mix_blend_mode_passthrough et_flex_column_12_24 et_flex_column_12_24_tablet et_flex_column_24_24_phone et_flex_column_24_24_phoneWide et_flex_column_12_24_tabletWide et_flex_column_12_24_widescreen et_flex_column_12_24_ultraWide\">\n<div class=\"et_pb_blurb_0 et_pb_blurb et_pb_bg_layout_light et_pb_blurb_position_left et_pb_module et_flex_module preset--module--divi-blurb--default\"><div class=\"et_pb_blurb_content et_flex_module\"><div class=\"et_pb_main_blurb_image\"><span class=\"et_pb_image_wrap\"><span class=\"et-pb-icon et_animated et_animated\">\uf00c<\/span><\/span><\/div><div class=\"et_pb_blurb_container\"><h3 class=\"et_pb_module_header\">Ce qui est inclus<\/h3><div class=\"et_pb_blurb_description\"><ul><\/ul>\n<div>\nSelon votre formule, Online Presence couvre :<\/p>\n<ul><\/ul>\n<ul>\n<li>Mise en place de la visibilit\u00e9 du site (fondamentaux SEO)<\/li>\n<li>Indexation et structure pour les moteurs de recherche<\/li>\n<li>Conseils d\u2019optimisation du contenu et des m\u00e9tadonn\u00e9es<\/li>\n<li>Mise en place de l\u2019analytics et du suivi<\/li>\n<li>Suivi des performances et de la visibilit\u00e9<\/li>\n<li>Rapports p\u00e9riodiques et recommandations<\/li>\n<\/ul>\n<p>Tout est mis en \u0153uvre en gardant \u00e0 l\u2019esprit la <strong>clart\u00e9 et la maintenabilit\u00e9 \u00e0 long terme<\/strong>.<\/p>\n<\/div>\n<\/div><\/div><\/div><\/div>\n<\/div>\n\n<div class=\"et_pb_column_6 et_pb_column et-last-child et_flex_column et_pb_css_mix_blend_mode_passthrough et_flex_column_12_24 et_flex_column_12_24_tablet et_flex_column_24_24_phone et_flex_column_24_24_phoneWide et_flex_column_12_24_tabletWide et_flex_column_12_24_widescreen et_flex_column_12_24_ultraWide\">\n<div class=\"et_pb_blurb_1 et_pb_blurb et_pb_bg_layout_light et_pb_blurb_position_left et_pb_module et_flex_module preset--module--divi-blurb--default\"><div class=\"et_pb_blurb_content et_flex_module\"><div class=\"et_pb_main_blurb_image\"><span class=\"et_pb_image_wrap\"><span class=\"et-pb-icon et_animated et_animated\">\uf00d<\/span><\/span><\/div><div class=\"et_pb_blurb_container\"><h3 class=\"et_pb_module_header\">Ce qui n'est pas inclus<\/h3><div class=\"et_pb_blurb_description\"><ul><\/ul>\n<p>Le service de pr\u00e9sence en ligne ne couvre pas :<\/p>\n<div>\n<ul>\n<li>R\u00e9daction de contenu ou cr\u00e9ation de textes<\/li>\n<li>Campagnes publicitaires (Google Ads, publicit\u00e9s sur les r\u00e9seaux sociaux)<\/li>\n<li>Gestion des r\u00e9seaux sociaux<\/li>\n<li>Garanties agressives de croissance ou de classement<\/li>\n<\/ul>\n<p>Ces \u00e9l\u00e9ments sont pris en charge via les <strong>services Marketing<\/strong> ou des campagnes d\u00e9di\u00e9es.<\/p>\n<\/div>\n<p>&nbsp;<\/p>\n<\/div><\/div><\/div><\/div>\n<\/div>\n<\/div>\n\n<div class=\"et_pb_row_6 et_pb_row et_flex_row\">\n<div class=\"et_pb_column_7 et_pb_column et_flex_column et_pb_css_mix_blend_mode_passthrough et_flex_column_8_24 et_flex_column_8_24_tablet et_flex_column_24_24_phone et_flex_column_24_24_phoneWide et_flex_column_8_24_tabletWide et_flex_column_8_24_widescreen et_flex_column_8_24_ultraWide\">\n<div class=\"et_pb_blurb_2 et_pb_blurb et_pb_bg_layout_light et_pb_text_align_center et_pb_blurb_position_top et_pb_module et_flex_module preset--module--divi-blurb--default\"><div class=\"et_pb_blurb_content et_flex_module\"><div class=\"et_pb_blurb_container\"><h3 class=\"et_pb_module_header\">Essential<\/h3><div class=\"et_pb_blurb_description\"><div>\n<div>Id\u00e9al pour les entreprises<\/div>\n<div>qui veulent \u00eatre visibles et cr\u00e9dibles<\/div>\n<\/div>\n<\/div><\/div>\n<div class=\"et_pb_text_1 et_pb_text et_pb_bg_layout_light et_pb_module et_flex_module preset--module--divi-text--default\"><div class=\"et_pb_text_inner\"><p style=\"text-align: center;\"><strong>69,90 \u20ac<\/strong> \/mois + TVA<\/p>\n<\/div><\/div>\n\n<div class=\"et_pb_module et_pb_button_module_wrapper et_pb_button_0_wrapper\"><a class=\"et_pb_button_0 et_pb_button et_pb_bg_layout_light et_pb_module et_flex_module\" href=\"https:\/\/motekx.be\/subscriptions\/it\/seo-online-presence-subscription\/\">Choisir Essentiel<\/a><\/div>\n\n<div class=\"et_pb_text_2 et_pb_text et_pb_bg_layout_light et_pb_module et_flex_module preset--module--divi-text--default\"><div class=\"et_pb_text_inner\"><div>Inclus :<\/p>\n<ul><\/ul>\n<ul>\n<li>Configuration de base SEO du site<\/li>\n<li>Indexation et structure pour les moteurs de recherche<\/li>\n<li>Configuration analytics de base<\/li>\n<li>Contr\u00f4le de l\u2019\u00e9tat de la visibilit\u00e9<\/li>\n<\/ul>\n<blockquote><p>Id\u00e9al si vous souhaitez que votre site web soit correctement compris par les moteurs de recherche.<\/p><\/blockquote>\n<\/div>\n<\/div><\/div>\n<\/div><\/div>\n<\/div>\n\n<div class=\"et_pb_column_8 et_pb_column et_flex_column et_pb_css_mix_blend_mode_passthrough et_flex_column_8_24 et_flex_column_8_24_tablet et_flex_column_24_24_phone et_flex_column_24_24_phoneWide et_flex_column_8_24_tabletWide et_flex_column_8_24_widescreen et_flex_column_8_24_ultraWide\">\n<div class=\"et_pb_blurb_3 et_pb_blurb et_pb_bg_layout_light et_pb_text_align_center et_pb_blurb_position_top et_pb_module et_flex_module preset--module--divi-blurb--default\"><div class=\"et_pb_blurb_content et_flex_module\"><div class=\"et_pb_blurb_container\"><h3 class=\"et_pb_module_header\">Plus<\/h3><div class=\"et_pb_blurb_description\"><div>Id\u00e9al pour les entreprises<\/div>\n<div>qui veulent une traction en ligne r\u00e9guli\u00e8re<\/div>\n<\/div><\/div>\n<div class=\"et_pb_text_3 et_pb_text et_pb_bg_layout_light et_pb_module et_flex_module preset--module--divi-text--default\"><div class=\"et_pb_text_inner\"><p style=\"text-align: center;\"><strong>99,90 \u20ac<\/strong> \/mois + TVA<\/p>\n<\/div><\/div>\n\n<div class=\"et_pb_module et_pb_button_module_wrapper et_pb_button_1_wrapper\"><a class=\"et_pb_button_1 et_pb_button et_pb_bg_layout_light et_pb_module et_flex_module\" href=\"https:\/\/motekx.be\/subscriptions\/it\/seo-online-presence-subscription\/\">Choisir Plus<\/a><\/div>\n\n<div class=\"et_pb_text_4 et_pb_text et_pb_bg_layout_light et_pb_module et_flex_module preset--module--divi-text--default\"><div class=\"et_pb_text_inner\"><div>\nTout ce qui est inclus dans Essential, plus :<\/p>\n<ul><\/ul>\n<ul>\n<li>Suivi continu de la visibilit\u00e9<\/li>\n<li>Conseils sur le contenu et les mots-cl\u00e9s<\/li>\n<li>Structure de page am\u00e9lior\u00e9e<\/li>\n<li>Analyses p\u00e9riodiques des performances<\/li>\n<\/ul>\n<blockquote><p>Id\u00e9al pour les entreprises qui investissent activement dans leur pr\u00e9sence en ligne.<\/p><\/blockquote>\n<\/div>\n<\/div><\/div>\n<\/div><\/div>\n<\/div>\n\n<div class=\"et_pb_column_9 et_pb_column et-last-child et_flex_column et_pb_css_mix_blend_mode_passthrough et_flex_column_8_24 et_flex_column_8_24_tablet et_flex_column_24_24_phone et_flex_column_24_24_phoneWide et_flex_column_8_24_tabletWide et_flex_column_8_24_widescreen et_flex_column_8_24_ultraWide\">\n<div class=\"et_pb_blurb_4 et_pb_blurb et_pb_bg_layout_light et_pb_text_align_center et_pb_blurb_position_top et_pb_module et_flex_module preset--module--divi-blurb--default\"><div class=\"et_pb_blurb_content et_flex_module\"><div class=\"et_pb_blurb_container\"><h3 class=\"et_pb_module_header\">Elite<\/h3><div class=\"et_pb_blurb_description\"><div>\n<div>Id\u00e9al pour les entreprises<\/div>\n<div>pour lesquelles la pr\u00e9sence en ligne g\u00e9n\u00e8re des ventes ou des prospects<\/div>\n<\/div>\n<\/div><\/div>\n<div class=\"et_pb_text_5 et_pb_text et_pb_bg_layout_light et_pb_module et_flex_module preset--module--divi-text--default\"><div class=\"et_pb_text_inner\"><p style=\"text-align: center;\"><strong>149,99&nbsp;\u20ac<\/strong> \/mois + TVA<\/p>\n<\/div><\/div>\n\n<div class=\"et_pb_module et_pb_button_module_wrapper et_pb_button_2_wrapper\"><a class=\"et_pb_button_2 et_pb_button et_pb_bg_layout_light et_pb_module et_flex_module\" href=\"https:\/\/motekx.be\/subscriptions\/it\/seo-online-presence-subscription\/\">Choisir Elite<\/a><\/div>\n\n<div class=\"et_pb_text_6 et_pb_text et_pb_bg_layout_light et_pb_module et_flex_module preset--module--divi-text--default\"><div class=\"et_pb_text_inner\"><div>\n<p>Tout ce qui est inclus dans Plus, plus :<\/p>\n<ul><\/ul>\n<ul>\n<li>Optimisation avanc\u00e9e du contenu et des pages<\/li>\n<li>Analytics plus approfondies et signaux de performance<\/li>\n<li>Rapports de visibilit\u00e9 et recommandations<\/li>\n<li>Suggestions d\u2019optimisation proactives<\/li>\n<\/ul>\n<blockquote>\n<p>Id\u00e9al lorsque votre site web est un canal d\u2019acquisition.<\/p>\n<\/blockquote>\n<\/div>\n<\/div><\/div>\n<\/div><\/div>\n<\/div>\n<\/div>\n\n<div class=\"et_pb_row_7 et_pb_row et_flex_row\">\n<div class=\"et_pb_column_10 et_pb_column et-last-child et_flex_column et_pb_css_mix_blend_mode_passthrough et_flex_column_24_24 et_flex_column_24_24_tablet et_flex_column_24_24_phone et_flex_column_24_24_phoneWide et_flex_column_24_24_tabletWide et_flex_column_24_24_widescreen et_flex_column_24_24_ultraWide\">\n<div class=\"et_pb_divider_1 et_pb_divider et_pb_space et_pb_divider_position_top et_pb_module\"><div class=\"et_pb_divider_internal\"><\/div><\/div>\n<\/div>\n<\/div>\n\n<div class=\"et_pb_row_8 et_pb_row et_flex_row\">\n<div class=\"et_pb_column_11 et_pb_column et-last-child et_flex_column et_pb_css_mix_blend_mode_passthrough et_flex_column_24_24 et_flex_column_24_24_tablet et_flex_column_24_24_phone et_flex_column_24_24_phoneWide et_flex_column_24_24_tabletWide et_flex_column_24_24_widescreen et_flex_column_24_24_ultraWide\">\n<div class=\"et_pb_heading_2 et_pb_heading et_pb_module et_flex_module preset--module--divi-heading--default\"><div class=\"et_pb_heading_container\"><h2 class=\"et_pb_module_header\">Comment cela s'int\u00e8gre avec les autres services<\/h2><\/div><\/div>\n<\/div>\n<\/div>\n\n<div class=\"et_pb_row_9 et_pb_row et_flex_row\">\n<div class=\"et_pb_column_12 et_pb_column et-last-child et_flex_column et_pb_css_mix_blend_mode_passthrough et_flex_column_24_24 et_flex_column_24_24_tablet et_flex_column_24_24_phone et_flex_column_24_24_phoneWide et_flex_column_24_24_tabletWide et_flex_column_24_24_widescreen et_flex_column_24_24_ultraWide\">\n<div class=\"et_pb_text_7 et_pb_text et_pb_bg_layout_light et_pb_module et_flex_module preset--module--divi-text--default\"><div class=\"et_pb_text_inner\"><div>\n<p>Online Presence fonctionne au mieux lorsqu\u2019il est combin\u00e9 avec :<\/p>\n<ul>\n<li><strong>Managed Hosting &amp; Domain<\/strong><br \/>\nGarantit les performances et la disponibilit\u00e9<\/li>\n<li><strong>MOTEKX Care<\/strong><br \/>\nMaintient le site web en bon \u00e9tat et \u00e0 jour<\/li>\n<li><strong>Lead Generation<\/strong><br \/>\nTransforme la visibilit\u00e9 en demandes mesurables<\/li>\n<\/ul>\n<p>Votre site web doit \u00eatre <strong>visible, fiable et maintenu<\/strong> \u2014 et non trait\u00e9 isol\u00e9ment.<\/p>\n<\/div>\n<\/div><\/div>\n<\/div>\n<\/div>\n\n<div class=\"et_pb_row_10 et_pb_row et_flex_row\">\n<div class=\"et_pb_column_13 et_pb_column et-last-child et_flex_column et_pb_css_mix_blend_mode_passthrough et_flex_column_24_24 et_flex_column_24_24_tablet et_flex_column_24_24_phone et_flex_column_24_24_phoneWide et_flex_column_24_24_tabletWide et_flex_column_24_24_widescreen et_flex_column_24_24_ultraWide\">\n<div class=\"et_pb_divider_2 et_pb_divider et_pb_space et_pb_divider_position_top et_pb_module\"><div class=\"et_pb_divider_internal\"><\/div><\/div>\n<\/div>\n<\/div>\n\n<div class=\"et_pb_row_11 et_pb_row et_flex_row\">\n<div class=\"et_pb_column_14 et_pb_column et-last-child et_flex_column et_pb_css_mix_blend_mode_passthrough et_flex_column_24_24 et_flex_column_24_24_tablet et_flex_column_24_24_phone et_flex_column_24_24_phoneWide et_flex_column_24_24_tabletWide et_flex_column_24_24_widescreen et_flex_column_24_24_ultraWide\">\n<div class=\"et_pb_heading_3 et_pb_heading et_pb_module et_flex_module preset--module--divi-heading--default\"><div class=\"et_pb_heading_container\"><h2 class=\"et_pb_module_header\">Pourquoi MOTEKX<\/h2><\/div><\/div>\n<\/div>\n<\/div>\n\n<div class=\"et_pb_row_12 et_pb_row et_pb_gutters3 et_block_row\">\n<div class=\"et_pb_column_15 et_pb_column et_pb_column_1_2 et_flex_column et_pb_css_mix_blend_mode_passthrough\">\n<div class=\"et_pb_blurb_5 et_pb_blurb et_pb_bg_layout_light et_pb_blurb_position_left et_pb_module et_flex_module preset--module--divi-blurb--default\"><div class=\"et_pb_blurb_content et_flex_module\"><div class=\"et_pb_main_blurb_image\"><span class=\"et_pb_image_wrap\"><span class=\"et-pb-icon et_animated et_animated\" title=\"Motekx_Cloud_Service\">\uf00c<\/span><\/span><\/div><div class=\"et_pb_blurb_container\"><h3 class=\"et_pb_module_header\">R\u00e9aliste<\/h3><div class=\"et_pb_blurb_description\"><div>Un SEO pratique, pas des mots \u00e0 la mode<\/div>\n<\/div><\/div><\/div><\/div>\n\n<div class=\"et_pb_blurb_6 et_pb_blurb et_pb_bg_layout_light et_pb_blurb_position_left et_pb_module et_flex_module preset--module--divi-blurb--default\"><div class=\"et_pb_blurb_content et_flex_module\"><div class=\"et_pb_main_blurb_image\"><span class=\"et_pb_image_wrap\"><span class=\"et-pb-icon et_animated et_animated\" title=\"Motekx_Cloud_Service\">\uf00c<\/span><\/span><\/div><div class=\"et_pb_blurb_container\"><h3 class=\"et_pb_module_header\">Local<\/h3><div class=\"et_pb_blurb_description\"><div>Approche locale d\u2019abord, ax\u00e9e sur la Belgique<\/div>\n<\/div><\/div><\/div><\/div>\n<\/div>\n\n<div class=\"et_pb_column_16 et_pb_column et_pb_column_1_2 et-last-child et_flex_column et_pb_css_mix_blend_mode_passthrough\">\n<div class=\"et_pb_blurb_7 et_pb_blurb et_pb_bg_layout_light et_pb_blurb_position_left et_pb_module et_flex_module preset--module--divi-blurb--default\"><div class=\"et_pb_blurb_content et_flex_module\"><div class=\"et_pb_main_blurb_image\"><span class=\"et_pb_image_wrap\"><span class=\"et-pb-icon et_animated et_animated\" title=\"Motekx_Cloud_Service\">\uf00c<\/span><\/span><\/div><div class=\"et_pb_blurb_container\"><h3 class=\"et_pb_module_header\">Orient\u00e9 business<\/h3><div class=\"et_pb_blurb_description\"><div>Une visibilit\u00e9 con\u00e7ue pour de vraies entreprises, pas pour des m\u00e9triques de vanit\u00e9<\/div>\n<\/div><\/div><\/div><\/div>\n\n<div class=\"et_pb_blurb_8 et_pb_blurb et_pb_bg_layout_light et_pb_blurb_position_left et_pb_module et_flex_module preset--module--divi-blurb--default\"><div class=\"et_pb_blurb_content et_flex_module\"><div class=\"et_pb_main_blurb_image\"><span class=\"et_pb_image_wrap\"><span class=\"et-pb-icon et_animated et_animated\" title=\"Motekx_Cloud_Service\">\uf00c<\/span><\/span><\/div><div class=\"et_pb_blurb_container\"><h3 class=\"et_pb_module_header\">Clart\u00e9<\/h3><div class=\"et_pb_blurb_description\"><div>P\u00e9rim\u00e8tre clair, attentes r\u00e9alistes<\/div>\n<\/div><\/div><\/div><\/div>\n<\/div>\n<\/div>\n\n<div class=\"et_pb_row_13 et_pb_row et_flex_row\">\n<div class=\"et_pb_column_17 et_pb_column et-last-child et_flex_column et_pb_css_mix_blend_mode_passthrough et_flex_column_24_24 et_flex_column_24_24_tablet et_flex_column_24_24_phone et_flex_column_24_24_phoneWide et_flex_column_24_24_tabletWide et_flex_column_24_24_widescreen et_flex_column_24_24_ultraWide\">\n<div class=\"et_pb_text_8 et_pb_text et_pb_bg_layout_light et_pb_module et_flex_module preset--module--divi-text--default\"><div class=\"et_pb_text_inner\"><div>Nous nous concentrons sur le fait d\u2019\u00eatre <strong>trouvable, compr\u00e9hensible et digne de confiance<\/strong> \u2014 rien de plus, rien de moins.<\/div>\n<\/div><\/div>\n<\/div>\n<\/div>\n\n<div class=\"et_pb_row_14 et_pb_row et_flex_row\">\n<div class=\"et_pb_column_18 et_pb_column et-last-child et_flex_column et_pb_css_mix_blend_mode_passthrough et_flex_column_24_24 et_flex_column_24_24_tablet et_flex_column_24_24_phone et_flex_column_24_24_phoneWide et_flex_column_24_24_tabletWide et_flex_column_24_24_widescreen et_flex_column_24_24_ultraWide\">\n<div class=\"et_pb_divider_3 et_pb_divider et_pb_space et_pb_divider_position_top et_pb_module\"><div class=\"et_pb_divider_internal\"><\/div><\/div>\n<\/div>\n<\/div>\n\n<div class=\"et_pb_row_15 et_pb_row et_flex_row\">\n<div class=\"et_pb_column_19 et_pb_column et-last-child et_flex_column et_pb_css_mix_blend_mode_passthrough et_flex_column_24_24 et_flex_column_24_24_tablet et_flex_column_24_24_phone et_flex_column_24_24_phoneWide et_flex_column_24_24_tabletWide et_flex_column_24_24_widescreen et_flex_column_24_24_ultraWide\">\n<div class=\"et_pb_text_9 et_pb_text et_pb_bg_layout_light et_pb_module et_flex_module preset--module--divi-text--default\"><div class=\"et_pb_text_inner\"><p><strong>Choisissez votre plan de Pr\u00e9sence en ligne<\/strong> ou combinez-le avec d'autres services MOTEKX pour faire de votre site web un atout commercial fiable.<\/p>\n<\/div><\/div>\n\n<div class=\"et_pb_module et_pb_button_module_wrapper et_pb_button_3_wrapper\"><a class=\"et_pb_button_3 et_pb_button et_pb_bg_layout_light et_pb_module et_flex_module\" href=\"https:\/\/motekx.be\/subscriptions\/\">Voir tous les forfaits<\/a><\/div>\n\n<div class=\"et_pb_text_10 et_pb_text et_pb_bg_layout_light et_pb_module et_flex_module preset--module--divi-text--default\"><div class=\"et_pb_text_inner\"><p><span><!--ScriptorStartFragment--><\/span><\/p>\n<div class=\"scriptor-paragraph\" attribution=\"[object Object]\"><em><strong>Vous h\u00e9sitez ?<\/strong> Examinons d'abord votre projet.<\/em><\/div>\n<p><span><!--ScriptorEndFragment--><\/span><\/p>\n<p><span><!--ScriptorEndFragment--><\/span><\/p>\n<\/div><\/div>\n\n<div class=\"et_pb_module et_pb_button_module_wrapper et_pb_button_4_wrapper\"><a class=\"et_pb_button_4 et_pb_button et_pb_bg_layout_light et_pb_module et_flex_module\" href=\"https:\/\/motekx.be\/contact\/\">Contactez-nous<\/a><\/div>\n<\/div>\n<\/div>\n<\/div>","protected":false},"excerpt":{"rendered":"","protected":false},"author":1,"featured_media":0,"parent":265322,"menu_order":0,"comment_status":"closed","ping_status":"closed","template":"","meta":{"footnotes":""},"class_list":["post-267160","page","type-page","status-publish","hentry"],"_links":{"self":[{"href":"https:\/\/motekx.be\/fr\/wp-json\/wp\/v2\/pages\/267160","targetHints":{"allow":["GET"]}}],"collection":[{"href":"https:\/\/motekx.be\/fr\/wp-json\/wp\/v2\/pages"}],"about":[{"href":"https:\/\/motekx.be\/fr\/wp-json\/wp\/v2\/types\/page"}],"author":[{"embeddable":true,"href":"https:\/\/motekx.be\/fr\/wp-json\/wp\/v2\/users\/1"}],"replies":[{"embeddable":true,"href":"https:\/\/motekx.be\/fr\/wp-json\/wp\/v2\/comments?post=267160"}],"version-history":[{"count":15,"href":"https:\/\/motekx.be\/fr\/wp-json\/wp\/v2\/pages\/267160\/revisions"}],"predecessor-version":[{"id":269480,"href":"https:\/\/motekx.be\/fr\/wp-json\/wp\/v2\/pages\/267160\/revisions\/269480"}],"up":[{"embeddable":true,"href":"https:\/\/motekx.be\/fr\/wp-json\/wp\/v2\/pages\/265322"}],"wp:attachment":[{"href":"https:\/\/motekx.be\/fr\/wp-json\/wp\/v2\/media?parent=267160"}],"curies":[{"name":"wp","href":"https:\/\/api.w.org\/{rel}","templated":true}]}}