{"id":267241,"date":"2026-04-12T14:26:58","date_gmt":"2026-04-12T13:26:58","guid":{"rendered":"https:\/\/motekx.be\/marketing-sur-les-reseaux-sociaux\/"},"modified":"2026-04-20T08:36:33","modified_gmt":"2026-04-20T07:36:33","slug":"marketing-sur-les-reseaux-sociaux","status":"publish","type":"page","link":"https:\/\/motekx.be\/fr\/services\/marketing-sur-les-reseaux-sociaux\/","title":{"rendered":"Marketing sur les r\u00e9seaux sociaux"},"content":{"rendered":"<div class=\"et_pb_section_0 et_pb_section et_section_regular et_flex_section\"><span class=\"et_pb_background_mask\"><\/span>\n<div class=\"et_pb_row_0 et_pb_row et_grid_row\">\n<div class=\"et_pb_column_0 et_pb_column et-last-child et_flex_column et_pb_css_mix_blend_mode_passthrough\">\n<section class=\"et_pb_fullwidth_header_0 et_pb_fullwidth_header et_pb_bg_layout_dark et_pb_text_align_left et_pb_module et_flex_module preset--module--divi-fullwidth-header--default\"><div class=\"et_pb_fullwidth_header_container left\"><div class=\"header-content-container center\"><div class=\"header-content et_flex_module\"><h1 class=\"et_pb_module_header\">Marketing sur les r\u00e9seaux sociaux<\/h1><span class=\"et_pb_fullwidth_header_subhead\">Campagnes structur\u00e9es sur les r\u00e9seaux sociaux pour soutenir la visibilit\u00e9 et la g\u00e9n\u00e9ration de leads<\/span><div class=\"et_pb_header_content_wrapper\"><div>Les r\u00e9seaux sociaux sont un outil puissant, mais seulement lorsqu'ils sont utilis\u00e9s avec structure, coh\u00e9rence et objectif. Avec le <strong>Marketing des r\u00e9seaux sociaux<\/strong>, MOTEKX vous aide \u00e0 mener des campagnes de r\u00e9seaux sociaux claires et r\u00e9currentes, con\u00e7ues pour soutenir votre visibilit\u00e9 en ligne et vos efforts de g\u00e9n\u00e9ration de leads. <\/div>\n<ul><\/ul>\n<div>Con\u00e7u pour les <strong>petites entreprises belges<\/strong>, ce service se concentre sur les campagnes et les r\u00e9sultats, et non sur le bruit quotidien ou les promesses irr\u00e9alistes.<\/div>\n<\/div><div class=\"et_pb_header_button_wrapper\"><\/div><\/div><\/div><\/div><div class=\"et_pb_fullwidth_header_overlay\"><\/div><div class=\"et_pb_fullwidth_header_scroll\"><\/div><\/section>\n<\/div>\n<\/div>\n<\/div>\n\n<div class=\"et_pb_section_1 et_pb_section et_section_regular et_flex_section\">\n<div class=\"et_pb_row_1 et_pb_row et_flex_row\">\n<div class=\"et_pb_column_1 et_pb_column et-last-child et_flex_column et_pb_css_mix_blend_mode_passthrough et_flex_column_24_24 et_flex_column_24_24_tablet et_flex_column_24_24_phone et_flex_column_24_24_phoneWide et_flex_column_24_24_tabletWide et_flex_column_24_24_widescreen et_flex_column_24_24_ultraWide\">\n<div class=\"et_pb_heading_0 et_pb_heading et_pb_module et_flex_module preset--module--divi-heading--default\"><div class=\"et_pb_heading_container\"><h2 class=\"et_pb_module_header\">Quel probl\u00e8me cela r\u00e9sout<\/h2><\/div><\/div>\n<\/div>\n<\/div>\n\n<div class=\"et_pb_row_2 et_pb_row et_flex_row\">\n<div class=\"et_pb_column_2 et_pb_column et-last-child et_flex_column et_pb_css_mix_blend_mode_passthrough et_flex_column_24_24 et_flex_column_24_24_tablet et_flex_column_24_24_phone et_flex_column_24_24_phoneWide et_flex_column_24_24_tabletWide et_flex_column_24_24_widescreen et_flex_column_24_24_ultraWide\">\n<div class=\"et_pb_text_0 et_pb_text et_pb_bg_layout_light et_pb_module et_flex_module preset--module--divi-text--default\"><div class=\"et_pb_text_inner\"><div>\n<p>De nombreuses entreprises sont confront\u00e9es \u00e0 :<\/p>\n<ul>\n<li>Publications incoh\u00e9rentes ou ponctuelles<\/li>\n<li>Comptes sur les r\u00e9seaux sociaux qui existent mais ne soutiennent pas les objectifs commerciaux<\/li>\n<li>Absence de structure de campagne ou de message clair<\/li>\n<li>Temps perdu sur les r\u00e9seaux sociaux avec peu d'impact<\/li>\n<\/ul>\n<p>MOTEKX remplace les publications improvis\u00e9es par une <strong>approche d\u00e9finie bas\u00e9e sur des campagnes sur les r\u00e9seaux sociaux<\/strong> qui soutient votre strat\u00e9gie marketing globale.<\/p>\n<\/div>\n<\/div><\/div>\n<\/div>\n<\/div>\n\n<div class=\"et_pb_row_3 et_pb_row et_flex_row\">\n<div class=\"et_pb_column_3 et_pb_column et-last-child et_flex_column et_pb_css_mix_blend_mode_passthrough et_flex_column_24_24 et_flex_column_24_24_tablet et_flex_column_24_24_phone et_flex_column_24_24_phoneWide et_flex_column_24_24_tabletWide et_flex_column_24_24_widescreen et_flex_column_24_24_ultraWide\">\n<div class=\"et_pb_divider_0 et_pb_divider et_pb_space et_pb_divider_position_top et_pb_module\"><div class=\"et_pb_divider_internal\"><\/div><\/div>\n<\/div>\n<\/div>\n\n<div class=\"et_pb_row_4 et_pb_row et_flex_row\">\n<div class=\"et_pb_column_4 et_pb_column et-last-child et_flex_column et_pb_css_mix_blend_mode_passthrough et_flex_column_24_24 et_flex_column_24_24_tablet et_flex_column_24_24_phone et_flex_column_24_24_phoneWide et_flex_column_24_24_tabletWide et_flex_column_24_24_widescreen et_flex_column_24_24_ultraWide\">\n<div class=\"et_pb_heading_1 et_pb_heading et_pb_module et_flex_module preset--module--divi-heading--default\"><div class=\"et_pb_heading_container\"><h2 class=\"et_pb_module_header\">Niveaux de service<\/h2><\/div><\/div>\n<\/div>\n<\/div>\n\n<div class=\"et_pb_row_5 et_pb_row et_flex_row\">\n<div class=\"et_pb_column_5 et_pb_column et_flex_column et_pb_css_mix_blend_mode_passthrough et_flex_column_12_24 et_flex_column_12_24_tablet et_flex_column_24_24_phone et_flex_column_24_24_phoneWide et_flex_column_12_24_tabletWide et_flex_column_12_24_widescreen et_flex_column_12_24_ultraWide\">\n<div class=\"et_pb_blurb_0 et_pb_blurb et_pb_bg_layout_light et_pb_blurb_position_left et_pb_module et_flex_module preset--module--divi-blurb--default\"><div class=\"et_pb_blurb_content et_flex_module\"><div class=\"et_pb_main_blurb_image\"><span class=\"et_pb_image_wrap\"><span class=\"et-pb-icon et_animated et_animated\">\uf00c<\/span><\/span><\/div><div class=\"et_pb_blurb_container\"><h3 class=\"et_pb_module_header\">Ce qui est inclus<\/h3><div class=\"et_pb_blurb_description\"><ul><\/ul>\n<div>\nSelon votre formule, Marketing sur les r\u00e9seaux sociaux comprend :<\/p>\n<ul><\/ul>\n<ul>\n<li>Planification et configuration de campagnes<\/li>\n<li>Cr\u00e9ation de contenu align\u00e9 sur votre marque<\/li>\n<li>Publications programm\u00e9es sur les r\u00e9seaux sociaux<\/li>\n<li>Publication multi-plateformes (jusqu'\u00e0 4 plateformes)<\/li>\n<li>Suivi de performance de base<\/li>\n<\/ul>\n<p>Toutes les activit\u00e9s sont con\u00e7ues pour soutenir la visibilit\u00e9, la cr\u00e9dibilit\u00e9 et la g\u00e9n\u00e9ration de leads, et non les indicateurs de vanit\u00e9.<\/p>\n<\/div>\n<\/div><\/div><\/div><\/div>\n<\/div>\n\n<div class=\"et_pb_column_6 et_pb_column et-last-child et_flex_column et_pb_css_mix_blend_mode_passthrough et_flex_column_12_24 et_flex_column_12_24_tablet et_flex_column_24_24_phone et_flex_column_24_24_phoneWide et_flex_column_12_24_tabletWide et_flex_column_12_24_widescreen et_flex_column_12_24_ultraWide\">\n<div class=\"et_pb_blurb_1 et_pb_blurb et_pb_bg_layout_light et_pb_blurb_position_left et_pb_module et_flex_module preset--module--divi-blurb--default\"><div class=\"et_pb_blurb_content et_flex_module\"><div class=\"et_pb_main_blurb_image\"><span class=\"et_pb_image_wrap\"><span class=\"et-pb-icon et_animated et_animated\">\uf00d<\/span><\/span><\/div><div class=\"et_pb_blurb_container\"><h3 class=\"et_pb_module_header\">Ce qui n'est pas inclus<\/h3><div class=\"et_pb_blurb_description\"><ul><\/ul>\n<p>Le service Marketing sur les r\u00e9seaux sociaux ne couvre pas :<\/p>\n<div>\n<ul>\n<li>Gestion de communaut\u00e9 (commentaires, messages priv\u00e9s, mod\u00e9ration)<\/li>\n<li>D\u00e9penses et gestion de publicit\u00e9 payante<\/li>\n<li>Approche d'influenceurs<\/li>\n<li>Publications en temps r\u00e9el ou surveillance quotidienne<\/li>\n<\/ul>\n<p>Marketing sur les r\u00e9seaux sociaux se concentre sur les <strong>campagnes structur\u00e9es<\/strong>, et non sur l'externalisation compl\u00e8te des r\u00e9seaux sociaux.<\/p>\n<\/div>\n<p>&nbsp;<\/p>\n<\/div><\/div><\/div><\/div>\n<\/div>\n<\/div>\n\n<div class=\"et_pb_row_6 et_pb_row et_flex_row\">\n<div class=\"et_pb_column_7 et_pb_column et_flex_column et_pb_css_mix_blend_mode_passthrough et_flex_column_8_24 et_flex_column_8_24_tablet et_flex_column_24_24_phone et_flex_column_24_24_phoneWide et_flex_column_8_24_tabletWide et_flex_column_8_24_widescreen et_flex_column_8_24_ultraWide\">\n<div class=\"et_pb_blurb_2 et_pb_blurb et_pb_bg_layout_light et_pb_text_align_center et_pb_blurb_position_top et_pb_module et_flex_module preset--module--divi-blurb--default\"><div class=\"et_pb_blurb_content et_flex_module\"><div class=\"et_pb_blurb_container\"><h3 class=\"et_pb_module_header\">Essential<\/h3><div class=\"et_pb_blurb_description\"><div>Id\u00e9al pour une pr\u00e9sence de base et coh\u00e9rente sur les r\u00e9seaux sociaux<\/div>\n<\/div><\/div>\n<div class=\"et_pb_text_1 et_pb_text et_pb_bg_layout_light et_pb_module et_flex_module preset--module--divi-text--default\"><div class=\"et_pb_text_inner\"><p style=\"text-align: center;\"><strong>179,99 \u20ac<\/strong> \/mois + TVA<\/p>\n<\/div><\/div>\n\n<div class=\"et_pb_module et_pb_button_module_wrapper et_pb_button_0_wrapper\"><a class=\"et_pb_button_0 et_pb_button et_pb_bg_layout_light et_pb_module et_flex_module\" href=\"https:\/\/motekx.be\/subscriptions\/digital-marketing\/social-media-marketing-subscription\/\">Choisir Essentiel<\/a><\/div>\n\n<div class=\"et_pb_text_2 et_pb_text et_pb_bg_layout_light et_pb_module et_flex_module preset--module--divi-text--default\"><div class=\"et_pb_text_inner\"><div>\n<p>Inclus :<\/p>\n<ul><\/ul>\n<ul>\n<li>1 campagne par mois<\/li>\n<li>Cr\u00e9ation et programmation de contenu<\/li>\n<li>Jusqu'\u00e0 4 plateformes de r\u00e9seaux sociaux<\/li>\n<\/ul>\n<blockquote>\n<p>Id\u00e9al si vous souhaitez que votre entreprise reste visible avec un effort minimal.<\/p>\n<\/blockquote>\n<\/div>\n<\/div><\/div>\n<\/div><\/div>\n<\/div>\n\n<div class=\"et_pb_column_8 et_pb_column et_flex_column et_pb_css_mix_blend_mode_passthrough et_flex_column_8_24 et_flex_column_8_24_tablet et_flex_column_24_24_phone et_flex_column_24_24_phoneWide et_flex_column_8_24_tabletWide et_flex_column_8_24_widescreen et_flex_column_8_24_ultraWide\">\n<div class=\"et_pb_blurb_3 et_pb_blurb et_pb_bg_layout_light et_pb_text_align_center et_pb_blurb_position_top et_pb_module et_flex_module preset--module--divi-blurb--default\"><div class=\"et_pb_blurb_content et_flex_module\"><div class=\"et_pb_blurb_container\"><h3 class=\"et_pb_module_header\">Plus<\/h3><div class=\"et_pb_blurb_description\"><div>Id\u00e9al pour les entreprises en croissance n\u00e9cessitant plus d'activit\u00e9<\/div>\n<\/div><\/div>\n<div class=\"et_pb_text_3 et_pb_text et_pb_bg_layout_light et_pb_module et_flex_module preset--module--divi-text--default\"><div class=\"et_pb_text_inner\"><p style=\"text-align: center;\"><strong>259,99 \u20ac<\/strong> \/mois + TVA<\/p>\n<\/div><\/div>\n\n<div class=\"et_pb_module et_pb_button_module_wrapper et_pb_button_1_wrapper\"><a class=\"et_pb_button_1 et_pb_button et_pb_bg_layout_light et_pb_module et_flex_module\" href=\"https:\/\/motekx.be\/subscriptions\/digital-marketing\/social-media-marketing-subscription\/\">Choisir Plus<\/a><\/div>\n\n<div class=\"et_pb_text_4 et_pb_text et_pb_bg_layout_light et_pb_module et_flex_module preset--module--divi-text--default\"><div class=\"et_pb_text_inner\"><p>Tout ce qui est inclus dans Essential, plus :<\/p>\n<ul><\/ul>\n<div>\n<ul>\n<li>2 campagnes par mois<\/li>\n<li>Fr\u00e9quence de publication accrue<\/li>\n<li>Plus de points de contact avec votre audience<\/li>\n<\/ul>\n<blockquote>\n<p>Id\u00e9al pour renforcer la notori\u00e9t\u00e9 de marque et l'engagement.<\/p>\n<\/blockquote>\n<\/div>\n<\/div><\/div>\n<\/div><\/div>\n<\/div>\n\n<div class=\"et_pb_column_9 et_pb_column et-last-child et_flex_column et_pb_css_mix_blend_mode_passthrough et_flex_column_8_24 et_flex_column_8_24_tablet et_flex_column_24_24_phone et_flex_column_24_24_phoneWide et_flex_column_8_24_tabletWide et_flex_column_8_24_widescreen et_flex_column_8_24_ultraWide\">\n<div class=\"et_pb_blurb_4 et_pb_blurb et_pb_bg_layout_light et_pb_text_align_center et_pb_blurb_position_top et_pb_module et_flex_module preset--module--divi-blurb--default\"><div class=\"et_pb_blurb_content et_flex_module\"><div class=\"et_pb_blurb_container\"><h3 class=\"et_pb_module_header\">Elite<\/h3><div class=\"et_pb_blurb_description\"><div>Id\u00e9al pour des strat\u00e9gies actives sur les r\u00e9seaux sociaux<\/div>\n<\/div><\/div>\n<div class=\"et_pb_text_5 et_pb_text et_pb_bg_layout_light et_pb_module et_flex_module preset--module--divi-text--default\"><div class=\"et_pb_text_inner\"><p style=\"text-align: center;\"><strong>399 \u20ac<\/strong> \/mois + TVA<\/p>\n<\/div><\/div>\n\n<div class=\"et_pb_module et_pb_button_module_wrapper et_pb_button_2_wrapper\"><a class=\"et_pb_button_2 et_pb_button et_pb_bg_layout_light et_pb_module et_flex_module\" href=\"https:\/\/motekx.be\/subscriptions\/digital-marketing\/social-media-marketing-subscription\/\">Choisir Elite<\/a><\/div>\n\n<div class=\"et_pb_text_6 et_pb_text et_pb_bg_layout_light et_pb_module et_flex_module preset--module--divi-text--default\"><div class=\"et_pb_text_inner\"><div>\n<p>Tout ce qui est inclus dans Plus, plus :<\/p>\n<ul><\/ul>\n<ul>\n<li>4 campagnes par mois<\/li>\n<li>Volume de contenu plus \u00e9lev\u00e9<\/li>\n<li>Pr\u00e9sence renforc\u00e9e sur les plateformes<\/li>\n<\/ul>\n<blockquote>\n<p>Id\u00e9al lorsque les r\u00e9seaux sociaux soutiennent activement votre pipeline marketing.<\/p>\n<\/blockquote>\n<\/div>\n<\/div><\/div>\n<\/div><\/div>\n<\/div>\n<\/div>\n\n<div class=\"et_pb_row_7 et_pb_row et_flex_row\">\n<div class=\"et_pb_column_10 et_pb_column et-last-child et_flex_column et_pb_css_mix_blend_mode_passthrough et_flex_column_24_24 et_flex_column_24_24_tablet et_flex_column_24_24_phone et_flex_column_24_24_phoneWide et_flex_column_24_24_tabletWide et_flex_column_24_24_widescreen et_flex_column_24_24_ultraWide\">\n<div class=\"et_pb_divider_1 et_pb_divider et_pb_space et_pb_divider_position_top et_pb_module\"><div class=\"et_pb_divider_internal\"><\/div><\/div>\n<\/div>\n<\/div>\n\n<div class=\"et_pb_row_8 et_pb_row et_flex_row\">\n<div class=\"et_pb_column_11 et_pb_column et-last-child et_flex_column et_pb_css_mix_blend_mode_passthrough et_flex_column_24_24 et_flex_column_24_24_tablet et_flex_column_24_24_phone et_flex_column_24_24_phoneWide et_flex_column_24_24_tabletWide et_flex_column_24_24_widescreen et_flex_column_24_24_ultraWide\">\n<div class=\"et_pb_heading_2 et_pb_heading et_pb_module et_flex_module preset--module--divi-heading--default\"><div class=\"et_pb_heading_container\"><h2 class=\"et_pb_module_header\">Comment cela s'int\u00e8gre avec les autres services<\/h2><\/div><\/div>\n<\/div>\n<\/div>\n\n<div class=\"et_pb_row_9 et_pb_row et_flex_row\">\n<div class=\"et_pb_column_12 et_pb_column et-last-child et_flex_column et_pb_css_mix_blend_mode_passthrough et_flex_column_24_24 et_flex_column_24_24_tablet et_flex_column_24_24_phone et_flex_column_24_24_phoneWide et_flex_column_24_24_tabletWide et_flex_column_24_24_widescreen et_flex_column_24_24_ultraWide\">\n<div class=\"et_pb_text_7 et_pb_text et_pb_bg_layout_light et_pb_module et_flex_module preset--module--divi-text--default\"><div class=\"et_pb_text_inner\"><div>\n<p>Marketing sur les r\u00e9seaux sociaux est plus efficace lorsqu'il est combin\u00e9 avec :<\/p>\n<ul>\n<li><strong>G\u00e9n\u00e9ration de leads<\/strong><br \/>\nConvertir l'attention en demandes de renseignements<\/li>\n<li><strong>Pr\u00e9sence en ligne<\/strong><br \/>\nGarantir que le trafic arrive sur des pages optimis\u00e9es<\/li>\n<li><strong>Offre group\u00e9e Marketing digital<\/strong><br \/>\nCombiner r\u00e9seaux sociaux et g\u00e9n\u00e9ration de leads en un seul abonnement<\/li>\n<\/ul>\n<p>MOTEKX garantit que ces services fonctionnent ensemble de mani\u00e8re coh\u00e9rente.<\/p>\n<\/div>\n<\/div><\/div>\n<\/div>\n<\/div>\n\n<div class=\"et_pb_row_10 et_pb_row et_flex_row\">\n<div class=\"et_pb_column_13 et_pb_column et-last-child et_flex_column et_pb_css_mix_blend_mode_passthrough et_flex_column_24_24 et_flex_column_24_24_tablet et_flex_column_24_24_phone et_flex_column_24_24_phoneWide et_flex_column_24_24_tabletWide et_flex_column_24_24_widescreen et_flex_column_24_24_ultraWide\">\n<div class=\"et_pb_divider_2 et_pb_divider et_pb_space et_pb_divider_position_top et_pb_module\"><div class=\"et_pb_divider_internal\"><\/div><\/div>\n<\/div>\n<\/div>\n\n<div class=\"et_pb_row_11 et_pb_row et_flex_row\">\n<div class=\"et_pb_column_14 et_pb_column et-last-child et_flex_column et_pb_css_mix_blend_mode_passthrough et_flex_column_24_24 et_flex_column_24_24_tablet et_flex_column_24_24_phone et_flex_column_24_24_phoneWide et_flex_column_24_24_tabletWide et_flex_column_24_24_widescreen et_flex_column_24_24_ultraWide\">\n<div class=\"et_pb_heading_3 et_pb_heading et_pb_module et_flex_module preset--module--divi-heading--default\"><div class=\"et_pb_heading_container\"><h2 class=\"et_pb_module_header\">Pourquoi MOTEKX<\/h2><\/div><\/div>\n<\/div>\n<\/div>\n\n<div class=\"et_pb_row_12 et_pb_row et_pb_gutters3 et_block_row\">\n<div class=\"et_pb_column_15 et_pb_column et_pb_column_1_2 et_flex_column et_pb_css_mix_blend_mode_passthrough\">\n<div class=\"et_pb_blurb_5 et_pb_blurb et_pb_bg_layout_light et_pb_blurb_position_left et_pb_module et_flex_module preset--module--divi-blurb--default\"><div class=\"et_pb_blurb_content et_flex_module\"><div class=\"et_pb_main_blurb_image\"><span class=\"et_pb_image_wrap\"><span class=\"et-pb-icon et_animated et_animated\" title=\"Motekx_Cloud_Service\">\uf00c<\/span><\/span><\/div><div class=\"et_pb_blurb_container\"><h3 class=\"et_pb_module_header\">Structur\u00e9<\/h3><div class=\"et_pb_blurb_description\"><div>Ax\u00e9 sur les campagnes, et non sur des publications al\u00e9atoires<\/div>\n<\/div><\/div><\/div><\/div>\n\n<div class=\"et_pb_blurb_6 et_pb_blurb et_pb_bg_layout_light et_pb_blurb_position_left et_pb_module et_flex_module preset--module--divi-blurb--default\"><div class=\"et_pb_blurb_content et_flex_module\"><div class=\"et_pb_main_blurb_image\"><span class=\"et_pb_image_wrap\"><span class=\"et-pb-icon et_animated et_animated\" title=\"Motekx_Cloud_Service\">\uf00c<\/span><\/span><\/div><div class=\"et_pb_blurb_container\"><h3 class=\"et_pb_module_header\">Local<\/h3><div class=\"et_pb_blurb_description\"><p>Ex\u00e9cution adapt\u00e9e aux PME belges<\/p>\n<\/div><\/div><\/div><\/div>\n<\/div>\n\n<div class=\"et_pb_column_16 et_pb_column et_pb_column_1_2 et-last-child et_flex_column et_pb_css_mix_blend_mode_passthrough\">\n<div class=\"et_pb_blurb_7 et_pb_blurb et_pb_bg_layout_light et_pb_blurb_position_left et_pb_module et_flex_module preset--module--divi-blurb--default\"><div class=\"et_pb_blurb_content et_flex_module\"><div class=\"et_pb_main_blurb_image\"><span class=\"et_pb_image_wrap\"><span class=\"et-pb-icon et_animated et_animated\" title=\"Motekx_Cloud_Service\">\uf00c<\/span><\/span><\/div><div class=\"et_pb_blurb_container\"><h3 class=\"et_pb_module_header\">Compatibilit\u00e9<\/h3><div class=\"et_pb_blurb_description\"><div>Con\u00e7u pour s'int\u00e9grer \u00e0 votre strat\u00e9gie digitale globale<\/div>\n<\/div><\/div><\/div><\/div>\n\n<div class=\"et_pb_blurb_8 et_pb_blurb et_pb_bg_layout_light et_pb_blurb_position_left et_pb_module et_flex_module preset--module--divi-blurb--default\"><div class=\"et_pb_blurb_content et_flex_module\"><div class=\"et_pb_main_blurb_image\"><span class=\"et_pb_image_wrap\"><span class=\"et-pb-icon et_animated et_animated\" title=\"Motekx_Cloud_Service\">\uf00c<\/span><\/span><\/div><div class=\"et_pb_blurb_container\"><h3 class=\"et_pb_module_header\">Clart\u00e9<\/h3><div class=\"et_pb_blurb_description\"><div>P\u00e9rim\u00e8tre clair et charge de travail pr\u00e9visible<\/div>\n<\/div><\/div><\/div><\/div>\n<\/div>\n<\/div>\n\n<div class=\"et_pb_row_13 et_pb_row et_flex_row\">\n<div class=\"et_pb_column_17 et_pb_column et-last-child et_flex_column et_pb_css_mix_blend_mode_passthrough et_flex_column_24_24 et_flex_column_24_24_tablet et_flex_column_24_24_phone et_flex_column_24_24_phoneWide et_flex_column_24_24_tabletWide et_flex_column_24_24_widescreen et_flex_column_24_24_ultraWide\">\n<div class=\"et_pb_text_8 et_pb_text et_pb_bg_layout_light et_pb_module et_flex_module preset--module--divi-text--default\"><div class=\"et_pb_text_inner\"><div>Vous apportez l'expertise.<br \/>\nMOTEKX l'amplifie gr\u00e2ce \u00e0 des campagnes structur\u00e9es sur les r\u00e9seaux sociaux.<\/div>\n<\/div><\/div>\n<\/div>\n<\/div>\n\n<div class=\"et_pb_row_14 et_pb_row et_flex_row\">\n<div class=\"et_pb_column_18 et_pb_column et-last-child et_flex_column et_pb_css_mix_blend_mode_passthrough et_flex_column_24_24 et_flex_column_24_24_tablet et_flex_column_24_24_phone et_flex_column_24_24_phoneWide et_flex_column_24_24_tabletWide et_flex_column_24_24_widescreen et_flex_column_24_24_ultraWide\">\n<div class=\"et_pb_divider_3 et_pb_divider et_pb_space et_pb_divider_position_top et_pb_module\"><div class=\"et_pb_divider_internal\"><\/div><\/div>\n<\/div>\n<\/div>\n\n<div class=\"et_pb_row_15 et_pb_row et_flex_row\">\n<div class=\"et_pb_column_19 et_pb_column et-last-child et_flex_column et_pb_css_mix_blend_mode_passthrough et_flex_column_24_24 et_flex_column_24_24_tablet et_flex_column_24_24_phone et_flex_column_24_24_phoneWide et_flex_column_24_24_tabletWide et_flex_column_24_24_widescreen et_flex_column_24_24_ultraWide\">\n<div class=\"et_pb_text_9 et_pb_text et_pb_bg_layout_light et_pb_module et_flex_module preset--module--divi-text--default\"><div class=\"et_pb_text_inner\"><p><strong>Choisissez votre plan de marketing sur les r\u00e9seaux sociaux<\/strong> ou combinez-le avec d'autres services MOTEKX pour une solution compl\u00e8te de marketing num\u00e9rique.<\/p>\n<\/div><\/div>\n\n<div class=\"et_pb_module et_pb_button_module_wrapper et_pb_button_3_wrapper\"><a class=\"et_pb_button_3 et_pb_button et_pb_bg_layout_light et_pb_module et_flex_module\" href=\"https:\/\/motekx.be\/subscriptions\/\">Voir tous les forfaits<\/a><\/div>\n\n<div class=\"et_pb_text_10 et_pb_text et_pb_bg_layout_light et_pb_module et_flex_module preset--module--divi-text--default\"><div class=\"et_pb_text_inner\"><p><span><!--ScriptorStartFragment--><\/span><\/p>\n<div class=\"scriptor-paragraph\" attribution=\"[object Object]\"><em><strong>Vous h\u00e9sitez ?<\/strong> Examinons d'abord votre projet.<\/em><\/div>\n<p><span><!--ScriptorEndFragment--><\/span><\/p>\n<p><span><!--ScriptorEndFragment--><\/span><\/p>\n<\/div><\/div>\n\n<div class=\"et_pb_module et_pb_button_module_wrapper et_pb_button_4_wrapper\"><a class=\"et_pb_button_4 et_pb_button et_pb_bg_layout_light et_pb_module et_flex_module\" href=\"https:\/\/motekx.be\/contact\/\">Contactez-nous<\/a><\/div>\n<\/div>\n<\/div>\n<\/div>","protected":false},"excerpt":{"rendered":"","protected":false},"author":1,"featured_media":0,"parent":265322,"menu_order":0,"comment_status":"closed","ping_status":"closed","template":"","meta":{"footnotes":""},"class_list":["post-267241","page","type-page","status-publish","hentry"],"_links":{"self":[{"href":"https:\/\/motekx.be\/fr\/wp-json\/wp\/v2\/pages\/267241","targetHints":{"allow":["GET"]}}],"collection":[{"href":"https:\/\/motekx.be\/fr\/wp-json\/wp\/v2\/pages"}],"about":[{"href":"https:\/\/motekx.be\/fr\/wp-json\/wp\/v2\/types\/page"}],"author":[{"embeddable":true,"href":"https:\/\/motekx.be\/fr\/wp-json\/wp\/v2\/users\/1"}],"replies":[{"embeddable":true,"href":"https:\/\/motekx.be\/fr\/wp-json\/wp\/v2\/comments?post=267241"}],"version-history":[{"count":11,"href":"https:\/\/motekx.be\/fr\/wp-json\/wp\/v2\/pages\/267241\/revisions"}],"predecessor-version":[{"id":269483,"href":"https:\/\/motekx.be\/fr\/wp-json\/wp\/v2\/pages\/267241\/revisions\/269483"}],"up":[{"embeddable":true,"href":"https:\/\/motekx.be\/fr\/wp-json\/wp\/v2\/pages\/265322"}],"wp:attachment":[{"href":"https:\/\/motekx.be\/fr\/wp-json\/wp\/v2\/media?parent=267241"}],"curies":[{"name":"wp","href":"https:\/\/api.w.org\/{rel}","templated":true}]}}