{"id":267312,"date":"2026-04-12T16:26:54","date_gmt":"2026-04-12T15:26:54","guid":{"rendered":"https:\/\/motekx.be\/conformite\/"},"modified":"2026-04-20T08:34:30","modified_gmt":"2026-04-20T07:34:30","slug":"conformite","status":"publish","type":"page","link":"https:\/\/motekx.be\/fr\/services\/conformite\/","title":{"rendered":"Conformit\u00e9"},"content":{"rendered":"<div class=\"et_pb_section_0 et_pb_section et_section_regular et_flex_section\"><span class=\"et_pb_background_mask\"><\/span>\n<div class=\"et_pb_row_0 et_pb_row et_grid_row\">\n<div class=\"et_pb_column_0 et_pb_column et-last-child et_flex_column et_pb_css_mix_blend_mode_passthrough\">\n<section class=\"et_pb_fullwidth_header_0 et_pb_fullwidth_header et_pb_bg_layout_dark et_pb_text_align_left et_pb_module et_flex_module preset--module--divi-fullwidth-header--default\"><div class=\"et_pb_fullwidth_header_container left\"><div class=\"header-content-container center\"><div class=\"header-content et_flex_module\"><h1 class=\"et_pb_module_header\">Conformit\u00e9<\/h1><span class=\"et_pb_fullwidth_header_subhead\">\u00c9tablissez une base de conformit\u00e9 claire pour votre entreprise<\/span><div class=\"et_pb_header_content_wrapper\"><div>\n<p>Les exigences r\u00e9glementaires telles que le RGPD concernent presque toutes les entreprises qui op\u00e8rent en ligne ou traitent des donn\u00e9es clients. Pour les petites entreprises, la conformit\u00e9 peut sembler complexe, floue et risqu\u00e9e. <\/p>\n<ul><\/ul>\n<p>Avec <strong>Compliance<\/strong>, Motekx vous aide \u00e0 mettre en place une <strong>base de conformit\u00e9 structur\u00e9e et pragmatique<\/strong> \u2014 sans transformer votre entreprise en projet juridique.<\/p>\n<\/div>\n<\/div><div class=\"et_pb_header_button_wrapper\"><\/div><\/div><\/div><\/div><div class=\"et_pb_fullwidth_header_overlay\"><\/div><div class=\"et_pb_fullwidth_header_scroll\"><\/div><\/section>\n<\/div>\n<\/div>\n<\/div>\n\n<div class=\"et_pb_section_1 et_pb_section et_section_regular et_flex_section\">\n<div class=\"et_pb_row_1 et_pb_row et_flex_row\">\n<div class=\"et_pb_column_1 et_pb_column et-last-child et_flex_column et_pb_css_mix_blend_mode_passthrough et_flex_column_24_24 et_flex_column_24_24_tablet et_flex_column_24_24_phone et_flex_column_24_24_phoneWide et_flex_column_24_24_tabletWide et_flex_column_24_24_widescreen et_flex_column_24_24_ultraWide\">\n<div class=\"et_pb_heading_0 et_pb_heading et_pb_module et_flex_module preset--module--divi-heading--default\"><div class=\"et_pb_heading_container\"><h2 class=\"et_pb_module_header\">Quel probl\u00e8me cela r\u00e9sout<\/h2><\/div><\/div>\n<\/div>\n<\/div>\n\n<div class=\"et_pb_row_2 et_pb_row et_flex_row\">\n<div class=\"et_pb_column_2 et_pb_column et-last-child et_flex_column et_pb_css_mix_blend_mode_passthrough et_flex_column_24_24 et_flex_column_24_24_tablet et_flex_column_24_24_phone et_flex_column_24_24_phoneWide et_flex_column_24_24_tabletWide et_flex_column_24_24_widescreen et_flex_column_24_24_ultraWide\">\n<div class=\"et_pb_text_0 et_pb_text et_pb_bg_layout_light et_pb_module et_flex_module preset--module--divi-text--default\"><div class=\"et_pb_text_inner\"><div>\n<p>De nombreuses petites entreprises sont confront\u00e9es \u00e0 :<\/p>\n<ul>\n<li>Incertitude quant aux responsabilit\u00e9s li\u00e9es au RGPD<\/li>\n<li>Documentation de conformit\u00e9 manquante ou obsol\u00e8te<\/li>\n<li>Sites web collectant des donn\u00e9es sans r\u00e8gles de consentement claires<\/li>\n<li>Aucune visibilit\u00e9 sur les \u00e9carts de conformit\u00e9<\/li>\n<\/ul>\n<p>Compliance remplace les suppositions par un <strong>point de d\u00e9part clair, g\u00e9r\u00e9 et document\u00e9<\/strong>, align\u00e9 sur les r\u00e9alit\u00e9s des PME.<\/p>\n<\/div>\n<\/div><\/div>\n<\/div>\n<\/div>\n\n<div class=\"et_pb_row_3 et_pb_row et_flex_row\">\n<div class=\"et_pb_column_3 et_pb_column et-last-child et_flex_column et_pb_css_mix_blend_mode_passthrough et_flex_column_24_24 et_flex_column_24_24_tablet et_flex_column_24_24_phone et_flex_column_24_24_phoneWide et_flex_column_24_24_tabletWide et_flex_column_24_24_widescreen et_flex_column_24_24_ultraWide\">\n<div class=\"et_pb_divider_0 et_pb_divider et_pb_space et_pb_divider_position_top et_pb_module\"><div class=\"et_pb_divider_internal\"><\/div><\/div>\n<\/div>\n<\/div>\n\n<div class=\"et_pb_row_4 et_pb_row et_flex_row\">\n<div class=\"et_pb_column_4 et_pb_column et-last-child et_flex_column et_pb_css_mix_blend_mode_passthrough et_flex_column_24_24 et_flex_column_24_24_tablet et_flex_column_24_24_phone et_flex_column_24_24_phoneWide et_flex_column_24_24_tabletWide et_flex_column_24_24_widescreen et_flex_column_24_24_ultraWide\">\n<div class=\"et_pb_heading_1 et_pb_heading et_pb_module et_flex_module preset--module--divi-heading--default\"><div class=\"et_pb_heading_container\"><h2 class=\"et_pb_module_header\">Niveaux de service<\/h2><\/div><\/div>\n<\/div>\n<\/div>\n\n<div class=\"et_pb_row_5 et_pb_row et_flex_row\">\n<div class=\"et_pb_column_5 et_pb_column et_flex_column et_pb_css_mix_blend_mode_passthrough et_flex_column_3_5 et_flex_column_3_5_tablet et_flex_column_24_24_phone et_flex_column_24_24_phoneWide et_flex_column_3_5_tabletWide et_flex_column_3_5_widescreen et_flex_column_3_5_ultraWide\">\n<div class=\"et_pb_blurb_0 et_pb_blurb et_pb_bg_layout_light et_pb_blurb_position_left et_pb_module et_flex_module preset--module--divi-blurb--default\"><div class=\"et_pb_blurb_content et_flex_module\"><div class=\"et_pb_main_blurb_image\"><span class=\"et_pb_image_wrap\"><span class=\"et-pb-icon et_animated et_animated\">\uf00c<\/span><\/span><\/div><div class=\"et_pb_blurb_container\"><h3 class=\"et_pb_module_header\">Ce qui est inclus<\/h3><div class=\"et_pb_blurb_description\"><ul><\/ul>\n<div>\n<p>Compliance est fourni sous la forme d\u2019<strong>un plan structur\u00e9<\/strong>, couvrant :<\/p>\n<ul>\n<li>Assistance \u00e0 la pr\u00e9paration de base au RGPD<\/li>\n<li>Conseils sur la structure du consentement et du traitement des donn\u00e9es<\/li>\n<li>Contr\u00f4les de conformit\u00e9 au niveau du site web<\/li>\n<li>Mod\u00e8les standard de documentation de conformit\u00e9<\/li>\n<li>Suivi continu de l\u2019\u00e9tat et mises \u00e0 jour<\/li>\n<\/ul>\n<p>L\u2019accent est mis sur l\u2019<strong>alignement pratique<\/strong>, et non sur une perfection th\u00e9orique.<\/p>\n<\/div>\n<p>&nbsp;<\/p>\n<\/div><\/div><\/div><\/div>\n\n<div class=\"et_pb_blurb_1 et_pb_blurb et_pb_bg_layout_light et_pb_blurb_position_left et_pb_module et_flex_module preset--module--divi-blurb--default\"><div class=\"et_pb_blurb_content et_flex_module\"><div class=\"et_pb_main_blurb_image\"><span class=\"et_pb_image_wrap\"><span class=\"et-pb-icon et_animated et_animated\">\uf00d<\/span><\/span><\/div><div class=\"et_pb_blurb_container\"><h3 class=\"et_pb_module_header\">Ce qui n'est pas inclus<\/h3><div class=\"et_pb_blurb_description\"><ul><\/ul>\n<p>Le service Cybersecurity ne couvre pas :<\/p>\n<ul><\/ul>\n<div>\n<div>\n<ul>\n<li>Conseil juridique ou repr\u00e9sentation juridique<\/li>\n<li>Audits r\u00e9glementaires complets ou certifications<\/li>\n<li>R\u00e9daction sur mesure de documents juridiques<\/li>\n<li>Assumer le r\u00f4le de d\u00e9l\u00e9gu\u00e9 \u00e0 la protection des donn\u00e9es (DPO)<\/li>\n<\/ul>\n<p>Pour l\u2019interpr\u00e9tation juridique ou les audits formels, MOTEKX peut travailler aux c\u00f4t\u00e9s de votre conseiller juridique.<\/p>\n<\/div>\n<p>&nbsp;<\/p>\n<\/div>\n<\/div><\/div><\/div><\/div>\n<\/div>\n\n<div class=\"et_pb_column_6 et_pb_column et-last-child et_flex_column et_pb_css_mix_blend_mode_passthrough et_flex_column_2_5 et_flex_column_2_5_tablet et_flex_column_24_24_phone et_flex_column_24_24_phoneWide et_flex_column_2_5_tabletWide et_flex_column_2_5_widescreen et_flex_column_2_5_ultraWide\">\n<div class=\"et_pb_blurb_2 et_pb_blurb et_pb_bg_layout_light et_pb_text_align_center et_pb_blurb_position_top et_pb_module et_flex_module preset--module--divi-blurb--default\"><div class=\"et_pb_blurb_content et_flex_module\"><div class=\"et_pb_blurb_container\"><h3 class=\"et_pb_module_header\">Pack de conformit\u00e9<\/h3><div class=\"et_pb_blurb_description\"><div>Tout ce dont vous avez besoin pour des politiques de site web conformes<\/div>\n<\/div><\/div>\n<div class=\"et_pb_text_1 et_pb_text et_pb_bg_layout_light et_pb_module et_flex_module preset--module--divi-text--default\"><div class=\"et_pb_text_inner\"><p style=\"text-align: center;\"><strong>14,90 \u20ac<\/strong> \/mois + TVA<\/p>\n<\/div><\/div>\n\n<div class=\"et_pb_module et_pb_button_module_wrapper et_pb_button_0_wrapper\"><a class=\"et_pb_button_0 et_pb_button et_pb_bg_layout_light et_pb_module et_flex_module\" href=\"https:\/\/motekx.be\/subscriptions\/it\/compliance-subscription\/\">Choisissez la conformit\u00e9<\/a><\/div>\n\n<div class=\"et_pb_text_2 et_pb_text et_pb_bg_layout_light et_pb_module et_flex_module preset--module--divi-text--default\"><div class=\"et_pb_text_inner\"><p>Compliance follows a simple, structured approach:<\/p>\n<ol>\n<li>Review your current public\u2011facing setup<\/li>\n<li>Identify obvious compliance gaps<\/li>\n<li>Align documentation and consent mechanisms<\/li>\n<li>Keep the baseline updated as your setup evolves<\/li>\n<\/ol>\n<blockquote>\n<p>This ensures your business operates with <strong>clear intent and documented responsibility<\/strong>.<\/p>\n<\/blockquote>\n<ul><\/ul>\n<\/div><\/div>\n<\/div><\/div>\n<\/div>\n<\/div>\n\n<div class=\"et_pb_row_6 et_pb_row et_flex_row\">\n<div class=\"et_pb_column_7 et_pb_column et-last-child et_flex_column et_pb_css_mix_blend_mode_passthrough et_flex_column_24_24 et_flex_column_24_24_tablet et_flex_column_24_24_phone et_flex_column_24_24_phoneWide et_flex_column_24_24_tabletWide et_flex_column_24_24_widescreen et_flex_column_24_24_ultraWide\">\n<div class=\"et_pb_divider_1 et_pb_divider et_pb_space et_pb_divider_position_top et_pb_module\"><div class=\"et_pb_divider_internal\"><\/div><\/div>\n<\/div>\n<\/div>\n\n<div class=\"et_pb_row_7 et_pb_row et_flex_row\">\n<div class=\"et_pb_column_8 et_pb_column et-last-child et_flex_column et_pb_css_mix_blend_mode_passthrough et_flex_column_24_24 et_flex_column_24_24_tablet et_flex_column_24_24_phone et_flex_column_24_24_phoneWide et_flex_column_24_24_tabletWide et_flex_column_24_24_widescreen et_flex_column_24_24_ultraWide\">\n<div class=\"et_pb_heading_2 et_pb_heading et_pb_module et_flex_module preset--module--divi-heading--default\"><div class=\"et_pb_heading_container\"><h2 class=\"et_pb_module_header\">Comment cela s'int\u00e8gre avec les autres services<\/h2><\/div><\/div>\n<\/div>\n<\/div>\n\n<div class=\"et_pb_row_8 et_pb_row et_flex_row\">\n<div class=\"et_pb_column_9 et_pb_column et-last-child et_flex_column et_pb_css_mix_blend_mode_passthrough et_flex_column_24_24 et_flex_column_24_24_tablet et_flex_column_24_24_phone et_flex_column_24_24_phoneWide et_flex_column_24_24_tabletWide et_flex_column_24_24_widescreen et_flex_column_24_24_ultraWide\">\n<div class=\"et_pb_text_3 et_pb_text et_pb_bg_layout_light et_pb_module et_flex_module preset--module--divi-text--default\"><div class=\"et_pb_text_inner\"><div>\n<p>Compliance fonctionne au mieux lorsqu\u2019il est combin\u00e9 avec :<\/p>\n<ul>\n<li><strong>Cybers\u00e9curit\u00e9<\/strong><br \/>\nR\u00e9duisez l\u2019exposition aux risques et les usages abusifs des donn\u00e9es<\/li>\n<li><strong>H\u00e9bergement g\u00e9r\u00e9 &amp; domaine<\/strong><br \/>\nAssurez une infrastructure conforme et une configuration DNS conforme<\/li>\n<li><strong>MOTEKX Care<\/strong><br \/>\nMaintenez les mises \u00e0 jour et la coh\u00e9rence de la conformit\u00e9<\/li>\n<li><strong>Offres Cloud &amp; IT<\/strong><br \/>\nCentralisez l\u2019IT, la s\u00e9curit\u00e9 et la conformit\u00e9 sous un mod\u00e8le unique<\/li>\n<\/ul>\n<p>Motekx veille \u00e0 ce que la conformit\u00e9 ne soit pas isol\u00e9e.<\/p>\n<\/div>\n<\/div><\/div>\n<\/div>\n<\/div>\n\n<div class=\"et_pb_row_9 et_pb_row et_flex_row\">\n<div class=\"et_pb_column_10 et_pb_column et-last-child et_flex_column et_pb_css_mix_blend_mode_passthrough et_flex_column_24_24 et_flex_column_24_24_tablet et_flex_column_24_24_phone et_flex_column_24_24_phoneWide et_flex_column_24_24_tabletWide et_flex_column_24_24_widescreen et_flex_column_24_24_ultraWide\">\n<div class=\"et_pb_divider_2 et_pb_divider et_pb_space et_pb_divider_position_top et_pb_module\"><div class=\"et_pb_divider_internal\"><\/div><\/div>\n<\/div>\n<\/div>\n\n<div class=\"et_pb_row_10 et_pb_row et_flex_row\">\n<div class=\"et_pb_column_11 et_pb_column et-last-child et_flex_column et_pb_css_mix_blend_mode_passthrough et_flex_column_24_24 et_flex_column_24_24_tablet et_flex_column_24_24_phone et_flex_column_24_24_phoneWide et_flex_column_24_24_tabletWide et_flex_column_24_24_widescreen et_flex_column_24_24_ultraWide\">\n<div class=\"et_pb_heading_3 et_pb_heading et_pb_module et_flex_module preset--module--divi-heading--default\"><div class=\"et_pb_heading_container\"><h2 class=\"et_pb_module_header\">Pourquoi MOTEKX<\/h2><\/div><\/div>\n<\/div>\n<\/div>\n\n<div class=\"et_pb_row_11 et_pb_row et_pb_gutters3 et_block_row\">\n<div class=\"et_pb_column_12 et_pb_column et_pb_column_1_2 et_flex_column et_pb_css_mix_blend_mode_passthrough\">\n<div class=\"et_pb_blurb_3 et_pb_blurb et_pb_bg_layout_light et_pb_blurb_position_left et_pb_module et_flex_module preset--module--divi-blurb--default\"><div class=\"et_pb_blurb_content et_flex_module\"><div class=\"et_pb_main_blurb_image\"><span class=\"et_pb_image_wrap\"><span class=\"et-pb-icon et_animated et_animated\" title=\"Motekx_Cloud_Service\">\uf00c<\/span><\/span><\/div><div class=\"et_pb_blurb_container\"><h3 class=\"et_pb_module_header\">Approche<\/h3><div class=\"et_pb_blurb_description\"><div>Approche de conformit\u00e9 pragmatique, ax\u00e9e sur les PME<\/div>\n<\/div><\/div><\/div><\/div>\n\n<div class=\"et_pb_blurb_4 et_pb_blurb et_pb_bg_layout_light et_pb_blurb_position_left et_pb_module et_flex_module preset--module--divi-blurb--default\"><div class=\"et_pb_blurb_content et_flex_module\"><div class=\"et_pb_main_blurb_image\"><span class=\"et_pb_image_wrap\"><span class=\"et-pb-icon et_animated et_animated\" title=\"Motekx_Cloud_Service\">\uf00c<\/span><\/span><\/div><div class=\"et_pb_blurb_container\"><h3 class=\"et_pb_module_header\">\u00c9cosyst\u00e8me<\/h3><div class=\"et_pb_blurb_description\"><div>Con\u00e7u pour \u00e9voluer avec votre configuration num\u00e9rique<\/div>\n<\/div><\/div><\/div><\/div>\n<\/div>\n\n<div class=\"et_pb_column_13 et_pb_column et_pb_column_1_2 et-last-child et_flex_column et_pb_css_mix_blend_mode_passthrough\">\n<div class=\"et_pb_blurb_5 et_pb_blurb et_pb_bg_layout_light et_pb_blurb_position_left et_pb_module et_flex_module preset--module--divi-blurb--default\"><div class=\"et_pb_blurb_content et_flex_module\"><div class=\"et_pb_main_blurb_image\"><span class=\"et_pb_image_wrap\"><span class=\"et-pb-icon et_animated et_animated\" title=\"Motekx_Cloud_Service\">\uf00c<\/span><\/span><\/div><div class=\"et_pb_blurb_container\"><h3 class=\"et_pb_module_header\">Structur\u00e9<\/h3><div class=\"et_pb_blurb_description\"><div>Des bases structur\u00e9es plut\u00f4t qu\u2019une vente fond\u00e9e sur la peur<\/div>\n<\/div><\/div><\/div><\/div>\n\n<div class=\"et_pb_blurb_6 et_pb_blurb et_pb_bg_layout_light et_pb_blurb_position_left et_pb_module et_flex_module preset--module--divi-blurb--default\"><div class=\"et_pb_blurb_content et_flex_module\"><div class=\"et_pb_main_blurb_image\"><span class=\"et_pb_image_wrap\"><span class=\"et-pb-icon et_animated et_animated\" title=\"Motekx_Cloud_Service\">\uf00c<\/span><\/span><\/div><div class=\"et_pb_blurb_container\"><h3 class=\"et_pb_module_header\">Clart\u00e9<\/h3><div class=\"et_pb_blurb_description\"><div>Un p\u00e9rim\u00e8tre clair, sans d\u00e9passement juridique<\/div>\n<\/div><\/div><\/div><\/div>\n<\/div>\n<\/div>\n\n<div class=\"et_pb_row_12 et_pb_row et_flex_row\">\n<div class=\"et_pb_column_14 et_pb_column et-last-child et_flex_column et_pb_css_mix_blend_mode_passthrough et_flex_column_24_24 et_flex_column_24_24_tablet et_flex_column_24_24_phone et_flex_column_24_24_phoneWide et_flex_column_24_24_tabletWide et_flex_column_24_24_widescreen et_flex_column_24_24_ultraWide\">\n<div class=\"et_pb_text_4 et_pb_text et_pb_bg_layout_light et_pb_module et_flex_module preset--module--divi-text--default\"><div class=\"et_pb_text_inner\"><div>La conformit\u00e9 ne consiste pas \u00e0 \u00e9viter des amendes \u2014<br \/>\nil s\u2019agit de <strong>g\u00e9rer votre entreprise de mani\u00e8re responsable<\/strong>.<\/div>\n<\/div><\/div>\n<\/div>\n<\/div>\n\n<div class=\"et_pb_row_13 et_pb_row et_flex_row\">\n<div class=\"et_pb_column_15 et_pb_column et-last-child et_flex_column et_pb_css_mix_blend_mode_passthrough et_flex_column_24_24 et_flex_column_24_24_tablet et_flex_column_24_24_phone et_flex_column_24_24_phoneWide et_flex_column_24_24_tabletWide et_flex_column_24_24_widescreen et_flex_column_24_24_ultraWide\">\n<div class=\"et_pb_divider_3 et_pb_divider et_pb_space et_pb_divider_position_top et_pb_module\"><div class=\"et_pb_divider_internal\"><\/div><\/div>\n<\/div>\n<\/div>\n\n<div class=\"et_pb_row_14 et_pb_row et_flex_row\">\n<div class=\"et_pb_column_16 et_pb_column et-last-child et_flex_column et_pb_css_mix_blend_mode_passthrough et_flex_column_24_24 et_flex_column_24_24_tablet et_flex_column_24_24_phone et_flex_column_24_24_phoneWide et_flex_column_24_24_tabletWide et_flex_column_24_24_widescreen et_flex_column_24_24_ultraWide\">\n<div class=\"et_pb_text_5 et_pb_text et_pb_bg_layout_light et_pb_module et_flex_module preset--module--divi-text--default\"><div class=\"et_pb_text_inner\"><div><strong>Activer Compliance<\/strong> ou l\u2019inclure dans une offre Cloud &amp; IT pour une configuration plus solide et plus fiable.<\/div>\n<\/div><\/div>\n\n<div class=\"et_pb_module et_pb_button_module_wrapper et_pb_button_1_wrapper\"><a class=\"et_pb_button_1 et_pb_button et_pb_bg_layout_light et_pb_module et_flex_module\" href=\"https:\/\/motekx.be\/subscriptions\/\">Voir tous les forfaits<\/a><\/div>\n\n<div class=\"et_pb_text_6 et_pb_text et_pb_bg_layout_light et_pb_module et_flex_module preset--module--divi-text--default\"><div class=\"et_pb_text_inner\"><p><span><!--ScriptorStartFragment--><\/span><\/p>\n<div class=\"scriptor-paragraph\" attribution=\"[object Object]\">\n<div><em><strong>Vous h\u00e9sitez ?<\/strong> Examinons d'abord votre projet.<\/em><\/div>\n<\/div>\n<p><span><!--ScriptorEndFragment--><\/span><\/p>\n<p><span><!--ScriptorEndFragment--><\/span><\/p>\n<\/div><\/div>\n\n<div class=\"et_pb_module et_pb_button_module_wrapper et_pb_button_2_wrapper\"><a class=\"et_pb_button_2 et_pb_button et_pb_bg_layout_light et_pb_module et_flex_module\" href=\"https:\/\/motekx.be\/contact\/\">Contactez-nous<\/a><\/div>\n<\/div>\n<\/div>\n<\/div>","protected":false},"excerpt":{"rendered":"","protected":false},"author":1,"featured_media":0,"parent":265322,"menu_order":0,"comment_status":"closed","ping_status":"closed","template":"","meta":{"footnotes":""},"class_list":["post-267312","page","type-page","status-publish","hentry"],"_links":{"self":[{"href":"https:\/\/motekx.be\/fr\/wp-json\/wp\/v2\/pages\/267312","targetHints":{"allow":["GET"]}}],"collection":[{"href":"https:\/\/motekx.be\/fr\/wp-json\/wp\/v2\/pages"}],"about":[{"href":"https:\/\/motekx.be\/fr\/wp-json\/wp\/v2\/types\/page"}],"author":[{"embeddable":true,"href":"https:\/\/motekx.be\/fr\/wp-json\/wp\/v2\/users\/1"}],"replies":[{"embeddable":true,"href":"https:\/\/motekx.be\/fr\/wp-json\/wp\/v2\/comments?post=267312"}],"version-history":[{"count":9,"href":"https:\/\/motekx.be\/fr\/wp-json\/wp\/v2\/pages\/267312\/revisions"}],"predecessor-version":[{"id":269462,"href":"https:\/\/motekx.be\/fr\/wp-json\/wp\/v2\/pages\/267312\/revisions\/269462"}],"up":[{"embeddable":true,"href":"https:\/\/motekx.be\/fr\/wp-json\/wp\/v2\/pages\/265322"}],"wp:attachment":[{"href":"https:\/\/motekx.be\/fr\/wp-json\/wp\/v2\/media?parent=267312"}],"curies":[{"name":"wp","href":"https:\/\/api.w.org\/{rel}","templated":true}]}}