{"id":269363,"date":"2026-04-14T15:17:49","date_gmt":"2026-04-14T14:17:49","guid":{"rendered":"https:\/\/motekx.be\/subscriptions\/non class\u00e9\/cybersecurite\/"},"modified":"2026-04-14T15:17:49","modified_gmt":"2026-04-14T14:17:49","slug":"cybersecurite","status":"publish","type":"product","link":"https:\/\/motekx.be\/fr\/subscriptions\/it\/cybersecurite\/","title":{"rendered":"Cybers\u00e9curit\u00e9"},"content":{"rendered":"<p><span style=\"color: #333333; font-size: 22px;\">Cybers\u00e9curit\u00e9 \u2014 Protection g\u00e9r\u00e9e pour vos syst\u00e8mes d&rsquo;entreprise<\/span><\/p>\n<div>\n<p>Les PME sont de plus en plus expos\u00e9es aux logiciels malveillants, au phishing, au spam et \u00e0 l&rsquo;atteinte \u00e0 la r\u00e9putation \u2014 souvent sans ressources internes pour d\u00e9tecter les risques pr\u00e9cocement.<\/p>\n<p><strong>La cybers\u00e9curit\u00e9<\/strong> offre une base de s\u00e9curit\u00e9 g\u00e9r\u00e9e ax\u00e9e sur la pr\u00e9vention, la d\u00e9tection et la visibilit\u00e9 \u2014 sans complexit\u00e9 d&rsquo;entreprise inutile.<\/p>\n<hr>\n<h3>Ce qui est inclus<\/h3>\n<ul>\n<li>Renseignement sur les menaces en temps r\u00e9el<\/li>\n<li>Surveillance des pare-feu et de la protection<\/li>\n<li>Contr\u00f4les de s\u00e9curit\u00e9 : vuln\u00e9rabilit\u00e9, logiciels malveillants, spam, r\u00e9putation<\/li>\n<li>Audits de s\u00e9curit\u00e9 et revues de statut p\u00e9riodiques<\/li>\n<\/ul>\n<hr>\n<h3>Comment \u00e7a marche<\/h3>\n<ol>\n<li>La surveillance s&rsquo;ex\u00e9cute en continu en arri\u00e8re-plan<\/li>\n<li>Les risques et anomalies sont d\u00e9tect\u00e9s pr\u00e9cocement<\/li>\n<li>Les r\u00e9sultats sont examin\u00e9s et communiqu\u00e9s clairement<\/li>\n<li>Des recommandations pratiques sont fournies lorsque des actions sont n\u00e9cessaires<\/li>\n<\/ol>\n<hr>\n<h3>Ce qui n\u2019est pas inclus (p\u00e9rim\u00e8tre clair)<\/h3>\n<ul>\n<li>R\u00e9ponse aux incidents \/ analyse forensique<\/li>\n<li>Les tests d\u2019intrusion<\/li>\n<li>La repr\u00e9sentation juridique ou r\u00e9glementaire<\/li>\n<li>Garanties de \u00ab z\u00e9ro incident \u00bb<\/li>\n<\/ul>\n<p>La gestion avanc\u00e9e des incidents est fournie via des <strong>engagements personnalis\u00e9s<\/strong> si n\u00e9cessaire.<\/p>\n<hr>\n<h3>Fonctionne mieux avec<\/h3>\n<ul>\n<li><strong>H\u00e9bergement et domaine g\u00e9r\u00e9s<\/strong><\/li>\n<li><strong>Microsoft 365 g\u00e9r\u00e9<\/strong><\/li>\n<li><strong>MOTEKX Care<\/strong><\/li>\n<li><strong>Conformit\u00e9<\/strong><\/li>\n<\/ul>\n<\/div>\n","protected":false},"excerpt":{"rendered":"<p>Protection et surveillance continues pour r\u00e9duire les cyber-risques. Une base de s\u00e9curit\u00e9 g\u00e9r\u00e9e pour les PME avec renseignement sur les menaces, v\u00e9rifications des vuln\u00e9rabilit\u00e9s et visibilit\u00e9 pratique. <\/p>\n","protected":false},"featured_media":267275,"template":"","meta":{"wds_primary_product_brand":0,"wds_primary_product_cat":0},"product_brand":[],"product_cat":[289],"product_tag":[398,392,484,393,397,395,394,396,488,391],"class_list":{"0":"post-269363","1":"product","2":"type-product","3":"status-publish","4":"has-post-thumbnail","6":"product_cat-it","7":"product_tag-2fa","8":"product_tag-analyse-des-vulnerabilites","9":"product_tag-cybersecurity","10":"product_tag-logiciels-malveillants","11":"product_tag-mfa","12":"product_tag-pare-feu","13":"product_tag-protection-anti-spam","14":"product_tag-reputation","15":"product_tag-sme","16":"product_tag-surveillance-de-la-securite","18":"first","19":"instock","20":"taxable","21":"shipping-taxable","22":"purchasable","23":"product-type-variable-subscription"},"_links":{"self":[{"href":"https:\/\/motekx.be\/fr\/wp-json\/wp\/v2\/product\/269363","targetHints":{"allow":["GET"]}}],"collection":[{"href":"https:\/\/motekx.be\/fr\/wp-json\/wp\/v2\/product"}],"about":[{"href":"https:\/\/motekx.be\/fr\/wp-json\/wp\/v2\/types\/product"}],"wp:featuredmedia":[{"embeddable":true,"href":"https:\/\/motekx.be\/fr\/wp-json\/wp\/v2\/media\/267275"}],"wp:attachment":[{"href":"https:\/\/motekx.be\/fr\/wp-json\/wp\/v2\/media?parent=269363"}],"wp:term":[{"taxonomy":"product_brand","embeddable":true,"href":"https:\/\/motekx.be\/fr\/wp-json\/wp\/v2\/product_brand?post=269363"},{"taxonomy":"product_cat","embeddable":true,"href":"https:\/\/motekx.be\/fr\/wp-json\/wp\/v2\/product_cat?post=269363"},{"taxonomy":"product_tag","embeddable":true,"href":"https:\/\/motekx.be\/fr\/wp-json\/wp\/v2\/product_tag?post=269363"}],"curies":[{"name":"wp","href":"https:\/\/api.w.org\/{rel}","templated":true}]}}