{"id":269390,"date":"2026-04-13T22:40:12","date_gmt":"2026-04-13T21:40:12","guid":{"rendered":"https:\/\/motekx.be\/subscriptions\/non class\u00e9\/microsoft-365-gere\/"},"modified":"2026-04-13T22:40:12","modified_gmt":"2026-04-13T21:40:12","slug":"microsoft-365-gere","status":"publish","type":"product","link":"https:\/\/motekx.be\/fr\/subscriptions\/cloud\/microsoft-365-gere\/","title":{"rendered":"Microsoft 365 g\u00e9r\u00e9"},"content":{"rendered":"<p><span style=\"color: #333333; font-size: 22px;\">Microsoft 365 g\u00e9r\u00e9 \u2014 Messagerie professionnelle et productivit\u00e9, enti\u00e8rement g\u00e9r\u00e9es<\/span><\/p>\n<div>\n<p>Microsoft 365 est puissant, mais seulement s\u2019il est configur\u00e9 et g\u00e9r\u00e9 correctement. Motekx propose un service Microsoft 365 g\u00e9r\u00e9 qui maintient votre environnement sain, s\u00e9curis\u00e9 et facile \u00e0 exploiter, avec un p\u00e9rim\u00e8tre clair et des responsabilit\u00e9s pr\u00e9visibles. <\/p>\n<h4>Ce qui est inclus (tous les forfaits)<\/h4>\n<ul>\n<li>La gestion des licences Microsoft 365<\/li>\n<li>La configuration d\u2019e-mails professionnels<\/li>\n<li>Configuration de l\u2019environnement et surveillance de l\u2019\u00e9tat de sant\u00e9<\/li>\n<li>L\u2019administration des utilisateurs et des licences<\/li>\n<li>Configuration de la s\u00e9curit\u00e9 de base<\/li>\n<\/ul>\n<h4>Choisissez votre forfait<\/h4>\n<p><strong>Essential \u2014 id\u00e9al pour les petites \u00e9quipes aux besoins de messagerie basiques<\/strong><\/p>\n<ul>\n<li>Microsoft 365 Business Basic (g\u00e9r\u00e9)<\/li>\n<li>Configuration de la messagerie et param\u00e9trage s\u00e9curis\u00e9<\/li>\n<li>Gestion des utilisateurs et des licences<\/li>\n<li>S\u00e9curit\u00e9 de base de l\u2019environnement<\/li>\n<\/ul>\n<p><strong>Plus \u2014 id\u00e9al pour les \u00e9quipes en croissance collaborant quotidiennement<\/strong><br \/>\nTout ce qui est inclus dans Essential, plus :<\/p>\n<ul>\n<li>Microsoft 365 Business Standard (g\u00e9r\u00e9)<\/li>\n<li>Pr\u00e9paration \u00e0 la collaboration am\u00e9lior\u00e9e (base Teams\/SharePoint\/OneDrive)<\/li>\n<li>Configuration de l\u2019environnement et stabilit\u00e9 op\u00e9rationnelle am\u00e9lior\u00e9es<\/li>\n<\/ul>\n<p><strong>Elite \u2014 id\u00e9al pour une s\u00e9curit\u00e9 accrue et une pr\u00e9paration avanc\u00e9e<\/strong><br \/>\nTout ce qui est inclus dans Plus, plus :<\/p>\n<ul>\n<li>Microsoft 365 Business Premium (g\u00e9r\u00e9)<\/li>\n<li>Capacit\u00e9s de s\u00e9curit\u00e9 renforc\u00e9es<\/li>\n<li>Pr\u00e9paration avanc\u00e9e des identit\u00e9s et des appareils (selon le p\u00e9rim\u00e8tre d\u00e9fini)<\/li>\n<\/ul>\n<h4>Ce qui n\u2019est pas inclus (p\u00e9rim\u00e8tre clair)<\/h4>\n<ul>\n<li>La restructuration complexe de locataire (tenant)<\/li>\n<li>D\u00e9ploiement de flotte d\u2019appareils sur mesure et architecture de s\u00e9curit\u00e9 personnalis\u00e9e<\/li>\n<li>Migrations ou int\u00e9grations \u00e0 grande \u00e9chelle<\/li>\n<li>Support sur site<\/li>\n<\/ul>\n<p>Ces prestations sont trait\u00e9es via des <strong>engagements personnalis\u00e9s<\/strong> ou des services avanc\u00e9s.<\/p>\n<h4>Options \/ packs recommand\u00e9s<\/h4>\n<ul>\n<li><strong>H\u00e9bergement et domaine g\u00e9r\u00e9s<\/strong> (via le pack Cloud g\u00e9r\u00e9)<\/li>\n<li><strong>Cybers\u00e9curit\u00e9<\/strong> et <strong>Conformit\u00e9<\/strong> pour une protection renforc\u00e9e et un alignement de base<\/li>\n<li><strong>MOTEKX Care<\/strong> si vous souhaitez une surveillance et un entretien plus larges du syst\u00e8me<\/li>\n<\/ul>\n<\/div>\n","protected":false},"excerpt":{"rendered":"<p>Messagerie professionnelle et outils de productivit\u00e9, <strong>configur\u00e9s et g\u00e9r\u00e9s de mani\u00e8re s\u00e9curis\u00e9e<\/strong> par Motekx. Choisissez Essential, Plus ou Elite pour un environnement Microsoft 365 fiable avec une gestion claire et des co\u00fbts pr\u00e9visibles. <\/p>\n","protected":false},"featured_media":267077,"template":"","meta":{"wds_primary_product_brand":0,"wds_primary_product_cat":0},"product_brand":[],"product_cat":[255],"product_tag":[239,273,268,269,267,272,271,488,270],"class_list":{"0":"post-269390","1":"product","2":"type-product","3":"status-publish","4":"has-post-thumbnail","6":"product_cat-cloud","7":"product_tag-belgique","8":"product_tag-gestion-de-lenvironnement","9":"product_tag-m365-gere","10":"product_tag-messagerie-professionnelle","11":"product_tag-microsoft-365","12":"product_tag-onedrive","13":"product_tag-sharepoint","14":"product_tag-sme","15":"product_tag-teams","17":"first","18":"instock","19":"taxable","20":"shipping-taxable","21":"purchasable","22":"product-type-variable-subscription"},"_links":{"self":[{"href":"https:\/\/motekx.be\/fr\/wp-json\/wp\/v2\/product\/269390","targetHints":{"allow":["GET"]}}],"collection":[{"href":"https:\/\/motekx.be\/fr\/wp-json\/wp\/v2\/product"}],"about":[{"href":"https:\/\/motekx.be\/fr\/wp-json\/wp\/v2\/types\/product"}],"wp:featuredmedia":[{"embeddable":true,"href":"https:\/\/motekx.be\/fr\/wp-json\/wp\/v2\/media\/267077"}],"wp:attachment":[{"href":"https:\/\/motekx.be\/fr\/wp-json\/wp\/v2\/media?parent=269390"}],"wp:term":[{"taxonomy":"product_brand","embeddable":true,"href":"https:\/\/motekx.be\/fr\/wp-json\/wp\/v2\/product_brand?post=269390"},{"taxonomy":"product_cat","embeddable":true,"href":"https:\/\/motekx.be\/fr\/wp-json\/wp\/v2\/product_cat?post=269390"},{"taxonomy":"product_tag","embeddable":true,"href":"https:\/\/motekx.be\/fr\/wp-json\/wp\/v2\/product_tag?post=269390"}],"curies":[{"name":"wp","href":"https:\/\/api.w.org\/{rel}","templated":true}]}}